{"id":222,"date":"2022-11-30T11:34:51","date_gmt":"2022-11-30T11:34:51","guid":{"rendered":"https:\/\/wiros.adlercloud.at\/?page_id=222"},"modified":"2026-02-02T07:06:03","modified_gmt":"2026-02-02T06:06:03","slug":"kontakt","status":"publish","type":"page","link":"https:\/\/www.wiros.de\/en\/kontakt\/","title":{"rendered":"Contact"},"content":{"rendered":"\t\t<div data-elementor-type=\"wp-page\" data-elementor-id=\"222\" class=\"elementor elementor-222\" data-elementor-post-type=\"page\">\n\t\t\t\t\t\t<section class=\"elementor-section elementor-top-section elementor-element elementor-element-3d305bb elementor-section-full_width elementor-section-height-min-height elementor-section-items-stretch elementor-section-content-middle elementor-section-height-default\" data-id=\"3d305bb\" data-element_type=\"section\" data-e-type=\"section\" data-settings=\"{&quot;background_background&quot;:&quot;classic&quot;}\">\n\t\t\t\t\t\t\t<div class=\"elementor-background-overlay\"><\/div>\n\t\t\t\t\t\t\t<div class=\"elementor-container elementor-column-gap-wider\">\n\t\t\t\t\t<div class=\"elementor-column elementor-col-100 elementor-top-column elementor-element elementor-element-3f1f9e8\" data-id=\"3f1f9e8\" data-element_type=\"column\" data-e-type=\"column\">\n\t\t\t<div class=\"elementor-widget-wrap elementor-element-populated\">\n\t\t\t\t\t\t<div class=\"elementor-element elementor-element-94dc9f2 elementor-widget elementor-widget-heading\" data-id=\"94dc9f2\" data-element_type=\"widget\" data-e-type=\"widget\" data-widget_type=\"heading.default\">\n\t\t\t\t<div class=\"elementor-widget-container\">\n\t\t\t\t\t<h2 class=\"elementor-heading-title elementor-size-default\">Kontakt<\/h2>\t\t\t\t<\/div>\n\t\t\t\t<\/div>\n\t\t\t\t\t<\/div>\n\t\t<\/div>\n\t\t\t\t\t<\/div>\n\t\t<\/section>\n\t\t\t\t<section class=\"elementor-section elementor-top-section elementor-element elementor-element-ed98140 elementor-section-boxed elementor-section-height-default elementor-section-height-default\" data-id=\"ed98140\" data-element_type=\"section\" data-e-type=\"section\">\n\t\t\t\t\t\t<div class=\"elementor-container elementor-column-gap-wider\">\n\t\t\t\t\t<div class=\"elementor-column elementor-col-50 elementor-top-column elementor-element elementor-element-5548509\" data-id=\"5548509\" data-element_type=\"column\" data-e-type=\"column\">\n\t\t\t<div class=\"elementor-widget-wrap elementor-element-populated\">\n\t\t\t\t\t\t<div class=\"elementor-element elementor-element-761d48a elementor-widget elementor-widget-text-editor\" data-id=\"761d48a\" data-element_type=\"widget\" data-e-type=\"widget\" data-widget_type=\"text-editor.default\">\n\t\t\t\t<div class=\"elementor-widget-container\">\n\t\t\t\t\t\t\t\t\t<h4>WIROS Wilfried Rosbach GmbH<\/h4><address>Karl-Arnold-Stra\u00dfe 5<br \/>47877\u00a0Willich (Germany)<\/address><p><span class=\"contact-label\">Telefon<\/span>\u00a0<span class=\"contact-value\"><a href=\"tel:+49 (0)2154 - 89 141 0\">+49 (0)2154 &#8211; 89 141 0<\/a><\/span><\/p><p><span class=\"contact-label\">Telefax<\/span>\u00a0<span class=\"contact-value\">+49 (0)2154 &#8211; 89 141 99<\/span><\/p><p><span class=\"contact-label\">E-Mail<\/span> <span class=\"contact-value\"><a href=\"mailto:service@wiros.de\">service@wiros.de<\/a><\/span><\/p><p><span class=\"contact-label\">Website<\/span>\u00a0<span class=\"contact-value\"><a href=\"https:\/\/wiros.de\/\">https:\/\/wiros.de<\/a><\/span><\/p><h5>Auftr\u00e4ge \/ Bestellungen<\/h5><p><span class=\"contact-label\">E-Mail<\/span><br \/><span class=\"contact-value\"><a href=\"mailto:bestellung@wiros.de\">bestellung@wiros.de<\/a><\/span><\/p><h5>Service \/ Anfragen \/ Muster<\/h5><p><span class=\"contact-label\">E-Mail<\/span>\u00a0<span class=\"contact-value\"><a href=\"mailto:service@wiros.de\">service@wiros.de<\/a><\/span><\/p><h5>Feedback \/ Beschwerde<\/h5><p><span class=\"contact-label\">Formular<\/span> <span class=\"contact-value\"><a href=\"https:\/\/wiros.de\/feedback\/\">Feedback-Formular<\/a><\/span><\/p>\t\t\t\t\t\t\t\t<\/div>\n\t\t\t\t<\/div>\n\t\t\t\t\t<\/div>\n\t\t<\/div>\n\t\t\t\t<div class=\"elementor-column elementor-col-50 elementor-top-column elementor-element elementor-element-ea44553\" data-id=\"ea44553\" data-element_type=\"column\" data-e-type=\"column\">\n\t\t\t<div class=\"elementor-widget-wrap elementor-element-populated\">\n\t\t\t\t\t\t<div class=\"elementor-element elementor-element-4f8c755 elementor-widget elementor-widget-text-editor\" data-id=\"4f8c755\" data-element_type=\"widget\" data-e-type=\"widget\" data-widget_type=\"text-editor.default\">\n\t\t\t\t<div class=\"elementor-widget-container\">\n\t\t\t\t\t\t\t\t\t<h5>\u00d6ffnungszeiten<\/h5><table class=\"openings\"><tbody><tr><td>Montag<\/td><td>08:00 &#8211; 16:00 Uhr<\/td><\/tr><tr><td>Dienstag<\/td><td>08:00 &#8211; 16:00 Uhr<\/td><\/tr><tr><td>Mittwoch<\/td><td>08:00 &#8211; 16:00 Uhr<\/td><\/tr><tr><td>Donnerstag<\/td><td>08:00 &#8211; 16:00 Uhr<\/td><\/tr><tr><td>Freitag<\/td><td>08:00 &#8211; 13:00 Uhr<\/td><\/tr><\/tbody><\/table><h5><br \/>Kontaktformular<\/h5>\t\t\t\t\t\t\t\t<\/div>\n\t\t\t\t<\/div>\n\t\t\t\t<div class=\"elementor-element elementor-element-32a29dac elementor-button-align-stretch elementor-widget elementor-widget-form\" data-id=\"32a29dac\" data-element_type=\"widget\" data-e-type=\"widget\" data-settings=\"{&quot;step_next_label&quot;:&quot;Next&quot;,&quot;step_previous_label&quot;:&quot;Previous&quot;,&quot;button_width&quot;:&quot;100&quot;,&quot;step_type&quot;:&quot;number_text&quot;,&quot;step_icon_shape&quot;:&quot;circle&quot;}\" data-widget_type=\"form.default\">\n\t\t\t\t<div class=\"elementor-widget-container\">\n\t\t\t\t\t\t\t<form class=\"elementor-form\" method=\"post\" name=\"New Form\" aria-label=\"New Form\">\n\t\t\t<input type=\"hidden\" name=\"post_id\" value=\"222\"\/>\n\t\t\t<input type=\"hidden\" name=\"form_id\" value=\"32a29dac\"\/>\n\t\t\t<input type=\"hidden\" name=\"referer_title\" value=\"Kontakt - WIROS Wilfried Rosbach GmbH\" \/>\n\n\t\t\t\t\t\t\t<input type=\"hidden\" name=\"queried_id\" value=\"222\"\/>\n\t\t\t\n\t\t\t<div class=\"elementor-form-fields-wrapper elementor-labels-\">\n\t\t\t\t\t\t\t\t<div class=\"elementor-field-type-text elementor-field-group elementor-column elementor-field-group-name elementor-col-100\">\n\t\t\t\t\t\t\t\t\t\t\t\t<label for=\"form-field-name\" class=\"elementor-field-label elementor-screen-only\">\n\t\t\t\t\t\t\t\tIhr Name\t\t\t\t\t\t\t<\/label>\n\t\t\t\t\t\t\t\t\t\t\t\t\t\t<input size=\"1\" type=\"text\" name=\"form_fields[name]\" id=\"form-field-name\" class=\"elementor-field elementor-size-sm  elementor-field-textual\" placeholder=\"Ihr Name\">\n\t\t\t\t\t\t\t\t\t\t\t<\/div>\n\t\t\t\t\t\t\t\t<div class=\"elementor-field-type-email elementor-field-group elementor-column elementor-field-group-email elementor-col-100 elementor-field-required\">\n\t\t\t\t\t\t\t\t\t\t\t\t<label for=\"form-field-email\" class=\"elementor-field-label elementor-screen-only\">\n\t\t\t\t\t\t\t\tIhre Email\t\t\t\t\t\t\t<\/label>\n\t\t\t\t\t\t\t\t\t\t\t\t\t\t<input size=\"1\" type=\"email\" name=\"form_fields[email]\" id=\"form-field-email\" class=\"elementor-field elementor-size-sm  elementor-field-textual\" placeholder=\"Ihre Email\" required=\"required\">\n\t\t\t\t\t\t\t\t\t\t\t<\/div>\n\t\t\t\t\t\t\t\t<div class=\"elementor-field-type-textarea elementor-field-group elementor-column elementor-field-group-message elementor-col-100\">\n\t\t\t\t\t\t\t\t\t\t\t\t<label for=\"form-field-message\" class=\"elementor-field-label elementor-screen-only\">\n\t\t\t\t\t\t\t\tNachricht\t\t\t\t\t\t\t<\/label>\n\t\t\t\t\t\t<textarea class=\"elementor-field-textual elementor-field  elementor-size-sm\" name=\"form_fields[message]\" id=\"form-field-message\" rows=\"4\" placeholder=\"Ihre Nachricht bzw. Anliegen\"><\/textarea>\t\t\t\t<\/div>\n\t\t\t\t\t\t\t\t<div class=\"elementor-field-type-acceptance elementor-field-group elementor-column elementor-field-group-field_45ca833 elementor-col-100 elementor-field-required\">\n\t\t\t\t\t\t\t\t\t\t\t\t<label for=\"form-field-field_45ca833\" class=\"elementor-field-label elementor-screen-only\">\n\t\t\t\t\t\t\t\tDatenschutz\t\t\t\t\t\t\t<\/label>\n\t\t\t\t\t\t\t\t<div class=\"elementor-field-subgroup\">\n\t\t\t<span class=\"elementor-field-option\">\n\t\t\t\t<input type=\"checkbox\" name=\"form_fields[field_45ca833]\" id=\"form-field-field_45ca833\" class=\"elementor-field elementor-size-sm  elementor-acceptance-field\" required=\"required\">\n\t\t\t\t<label for=\"form-field-field_45ca833\">Ich akzeptiere hiermit die Verarbeitung meiner personenbezogenen Daten zum Zweck der Kontaktaufnahme gem\u00e4\u00df <a href=\"https:\/\/wiros.de\/datenschutz\">Datenschutzerkl\u00e4rung.<\/a><\/label>\t\t\t<\/span>\n\t\t<\/div>\n\t\t\t\t\t\t<\/div>\n\t\t\t\t\t\t\t\t<div class=\"elementor-field-type-recaptcha_v3 elementor-field-group elementor-column elementor-field-group-field_e5e76a6 elementor-col-100 recaptcha_v3-bottomright\">\n\t\t\t\t\t<div class=\"elementor-field\" id=\"form-field-field_e5e76a6\"><div class=\"elementor-g-recaptcha\" data-sitekey=\"6LdPYVYpAAAAADvJY6m2SrbfZDDQpLf3Dna-Mwvm\" data-type=\"v3\" data-action=\"Form\" data-badge=\"bottomright\" data-size=\"invisible\"><\/div><\/div>\t\t\t\t<\/div>\n\t\t\t\t\t\t\t\t<div class=\"elementor-field-group elementor-column elementor-field-type-submit elementor-col-100 e-form__buttons\">\n\t\t\t\t\t<button class=\"elementor-button elementor-size-sm\" type=\"submit\">\n\t\t\t\t\t\t<span class=\"elementor-button-content-wrapper\">\n\t\t\t\t\t\t\t\t\t\t\t\t\t\t\t\t\t\t\t\t\t\t<span class=\"elementor-button-text\">Anfrage absenden<\/span>\n\t\t\t\t\t\t\t\t\t\t\t\t\t<\/span>\n\t\t\t\t\t<\/button>\n\t\t\t\t<\/div>\n\t\t\t<\/div>\n\t\t<\/form>\n\t\t\t\t\t\t<\/div>\n\t\t\t\t<\/div>\n\t\t\t\t\t<\/div>\n\t\t<\/div>\n\t\t\t\t\t<\/div>\n\t\t<\/section>\n\t\t\t\t<\/div>\n\t\t","protected":false},"excerpt":{"rendered":"<p>Kontakt WIROS Wilfried Rosbach GmbH Karl-Arnold-Stra\u00dfe 547877\u00a0Willich (Germany) Telefon\u00a0+49 (0)2154 &#8211; 89 141 0 Telefax\u00a0+49 (0)2154 &#8211; 89 141 99 E-Mail service@wiros.de Website\u00a0https:\/\/wiros.de Auftr\u00e4ge \/ Bestellungen E-Mailbestellung@wiros.de Service \/ Anfragen \/ Muster E-Mail\u00a0service@wiros.de Feedback \/ Beschwerde Formular Feedback-Formular \u00d6ffnungszeiten Montag 08:00 &#8211; 16:00 Uhr Dienstag 08:00 &#8211; 16:00 Uhr Mittwoch 08:00 &#8211; 16:00 Uhr Donnerstag [&hellip;]<\/p>\n","protected":false},"author":1,"featured_media":0,"parent":0,"menu_order":0,"comment_status":"closed","ping_status":"closed","template":"","meta":{"footnotes":""},"class_list":["post-222","page","type-page","status-publish","hentry"],"yoast_head":"<!-- This site is optimized with the Yoast SEO plugin v27.2 - https:\/\/yoast.com\/product\/yoast-seo-wordpress\/ -->\n<title>Kontakt - WIROS Wilfried Rosbach GmbH<\/title>\n<meta name=\"robots\" content=\"index, follow, max-snippet:-1, max-image-preview:large, max-video-preview:-1\" \/>\n<link rel=\"canonical\" href=\"https:\/\/www.wiros.de\/en\/kontakt\/\" \/>\n<meta property=\"og:locale\" content=\"en_US\" \/>\n<meta property=\"og:type\" content=\"article\" \/>\n<meta property=\"og:title\" content=\"Kontakt - WIROS Wilfried Rosbach GmbH\" \/>\n<meta property=\"og:description\" content=\"Kontakt WIROS Wilfried Rosbach GmbH Karl-Arnold-Stra\u00dfe 547877\u00a0Willich (Germany) Telefon\u00a0+49 (0)2154 &#8211; 89 141 0 Telefax\u00a0+49 (0)2154 &#8211; 89 141 99 E-Mail service@wiros.de Website\u00a0https:\/\/wiros.de Auftr\u00e4ge \/ Bestellungen E-Mailbestellung@wiros.de Service \/ Anfragen \/ Muster E-Mail\u00a0service@wiros.de Feedback \/ Beschwerde Formular Feedback-Formular \u00d6ffnungszeiten Montag 08:00 &#8211; 16:00 Uhr Dienstag 08:00 &#8211; 16:00 Uhr Mittwoch 08:00 &#8211; 16:00 Uhr Donnerstag [&hellip;]\" \/>\n<meta property=\"og:url\" content=\"https:\/\/www.wiros.de\/en\/kontakt\/\" \/>\n<meta property=\"og:site_name\" content=\"WIROS Wilfried Rosbach GmbH\" \/>\n<meta property=\"article:modified_time\" content=\"2026-02-02T06:06:03+00:00\" \/>\n<meta name=\"twitter:card\" content=\"summary_large_image\" \/>\n<script type=\"application\/ld+json\" class=\"yoast-schema-graph\">{\"@context\":\"https:\/\/schema.org\",\"@graph\":[{\"@type\":\"WebPage\",\"@id\":\"https:\/\/www.wiros.de\/kontakt\/\",\"url\":\"https:\/\/www.wiros.de\/kontakt\/\",\"name\":\"Kontakt - WIROS Wilfried Rosbach GmbH\",\"isPartOf\":{\"@id\":\"https:\/\/www.wiros.de\/#website\"},\"datePublished\":\"2022-11-30T11:34:51+00:00\",\"dateModified\":\"2026-02-02T06:06:03+00:00\",\"breadcrumb\":{\"@id\":\"https:\/\/www.wiros.de\/kontakt\/#breadcrumb\"},\"inLanguage\":\"en-US\",\"potentialAction\":[{\"@type\":\"ReadAction\",\"target\":[\"https:\/\/www.wiros.de\/kontakt\/\"]}]},{\"@type\":\"BreadcrumbList\",\"@id\":\"https:\/\/www.wiros.de\/kontakt\/#breadcrumb\",\"itemListElement\":[{\"@type\":\"ListItem\",\"position\":1,\"name\":\"Start\",\"item\":\"https:\/\/www.wiros.de\/\"},{\"@type\":\"ListItem\",\"position\":2,\"name\":\"Kontakt\"}]},{\"@type\":\"WebSite\",\"@id\":\"https:\/\/www.wiros.de\/#website\",\"url\":\"https:\/\/www.wiros.de\/\",\"name\":\"WIROS Wilfried Rosbach GmbH\",\"description\":\"Ihr Einwegschutzspezialist f\u00fcr Fach- und Gro\u00dfh\u00e4ndler\",\"publisher\":{\"@id\":\"https:\/\/www.wiros.de\/#organization\"},\"potentialAction\":[{\"@type\":\"SearchAction\",\"target\":{\"@type\":\"EntryPoint\",\"urlTemplate\":\"https:\/\/www.wiros.de\/?s={search_term_string}\"},\"query-input\":{\"@type\":\"PropertyValueSpecification\",\"valueRequired\":true,\"valueName\":\"search_term_string\"}}],\"inLanguage\":\"en-US\"},{\"@type\":\"Organization\",\"@id\":\"https:\/\/www.wiros.de\/#organization\",\"name\":\"WIROS Wilfried Rosbach GmbH\",\"url\":\"https:\/\/www.wiros.de\/\",\"logo\":{\"@type\":\"ImageObject\",\"inLanguage\":\"en-US\",\"@id\":\"https:\/\/www.wiros.de\/#\/schema\/logo\/image\/\",\"url\":\"https:\/\/www.wiros.de\/wp-content\/uploads\/2025\/02\/Wiros_Logo_Unterzeile_RGB-e1739807515478.png\",\"contentUrl\":\"https:\/\/www.wiros.de\/wp-content\/uploads\/2025\/02\/Wiros_Logo_Unterzeile_RGB-e1739807515478.png\",\"width\":662,\"height\":313,\"caption\":\"WIROS Wilfried Rosbach GmbH\"},\"image\":{\"@id\":\"https:\/\/www.wiros.de\/#\/schema\/logo\/image\/\"}}]}<\/script>\n<!-- \/ Yoast SEO plugin. -->","yoast_head_json":{"title":"Kontakt - WIROS Wilfried Rosbach GmbH","robots":{"index":"index","follow":"follow","max-snippet":"max-snippet:-1","max-image-preview":"max-image-preview:large","max-video-preview":"max-video-preview:-1"},"canonical":"https:\/\/www.wiros.de\/en\/kontakt\/","og_locale":"en_US","og_type":"article","og_title":"Kontakt - WIROS Wilfried Rosbach GmbH","og_description":"Kontakt WIROS Wilfried Rosbach GmbH Karl-Arnold-Stra\u00dfe 547877\u00a0Willich (Germany) Telefon\u00a0+49 (0)2154 &#8211; 89 141 0 Telefax\u00a0+49 (0)2154 &#8211; 89 141 99 E-Mail service@wiros.de Website\u00a0https:\/\/wiros.de Auftr\u00e4ge \/ Bestellungen E-Mailbestellung@wiros.de Service \/ Anfragen \/ Muster E-Mail\u00a0service@wiros.de Feedback \/ Beschwerde Formular Feedback-Formular \u00d6ffnungszeiten Montag 08:00 &#8211; 16:00 Uhr Dienstag 08:00 &#8211; 16:00 Uhr Mittwoch 08:00 &#8211; 16:00 Uhr Donnerstag [&hellip;]","og_url":"https:\/\/www.wiros.de\/en\/kontakt\/","og_site_name":"WIROS Wilfried Rosbach GmbH","article_modified_time":"2026-02-02T06:06:03+00:00","twitter_card":"summary_large_image","schema":{"@context":"https:\/\/schema.org","@graph":[{"@type":"WebPage","@id":"https:\/\/www.wiros.de\/kontakt\/","url":"https:\/\/www.wiros.de\/kontakt\/","name":"Kontakt - WIROS Wilfried Rosbach GmbH","isPartOf":{"@id":"https:\/\/www.wiros.de\/#website"},"datePublished":"2022-11-30T11:34:51+00:00","dateModified":"2026-02-02T06:06:03+00:00","breadcrumb":{"@id":"https:\/\/www.wiros.de\/kontakt\/#breadcrumb"},"inLanguage":"en-US","potentialAction":[{"@type":"ReadAction","target":["https:\/\/www.wiros.de\/kontakt\/"]}]},{"@type":"BreadcrumbList","@id":"https:\/\/www.wiros.de\/kontakt\/#breadcrumb","itemListElement":[{"@type":"ListItem","position":1,"name":"Start","item":"https:\/\/www.wiros.de\/"},{"@type":"ListItem","position":2,"name":"Kontakt"}]},{"@type":"WebSite","@id":"https:\/\/www.wiros.de\/#website","url":"https:\/\/www.wiros.de\/","name":"WIROS Wilfried Rosbach GmbH","description":"Ihr Einwegschutzspezialist f\u00fcr Fach- und Gro\u00dfh\u00e4ndler","publisher":{"@id":"https:\/\/www.wiros.de\/#organization"},"potentialAction":[{"@type":"SearchAction","target":{"@type":"EntryPoint","urlTemplate":"https:\/\/www.wiros.de\/?s={search_term_string}"},"query-input":{"@type":"PropertyValueSpecification","valueRequired":true,"valueName":"search_term_string"}}],"inLanguage":"en-US"},{"@type":"Organization","@id":"https:\/\/www.wiros.de\/#organization","name":"WIROS Wilfried Rosbach GmbH","url":"https:\/\/www.wiros.de\/","logo":{"@type":"ImageObject","inLanguage":"en-US","@id":"https:\/\/www.wiros.de\/#\/schema\/logo\/image\/","url":"https:\/\/www.wiros.de\/wp-content\/uploads\/2025\/02\/Wiros_Logo_Unterzeile_RGB-e1739807515478.png","contentUrl":"https:\/\/www.wiros.de\/wp-content\/uploads\/2025\/02\/Wiros_Logo_Unterzeile_RGB-e1739807515478.png","width":662,"height":313,"caption":"WIROS Wilfried Rosbach GmbH"},"image":{"@id":"https:\/\/www.wiros.de\/#\/schema\/logo\/image\/"}}]}},"_links":{"self":[{"href":"https:\/\/www.wiros.de\/en\/wp-json\/wp\/v2\/pages\/222","targetHints":{"allow":["GET"]}}],"collection":[{"href":"https:\/\/www.wiros.de\/en\/wp-json\/wp\/v2\/pages"}],"about":[{"href":"https:\/\/www.wiros.de\/en\/wp-json\/wp\/v2\/types\/page"}],"author":[{"embeddable":true,"href":"https:\/\/www.wiros.de\/en\/wp-json\/wp\/v2\/users\/1"}],"replies":[{"embeddable":true,"href":"https:\/\/www.wiros.de\/en\/wp-json\/wp\/v2\/comments?post=222"}],"version-history":[{"count":70,"href":"https:\/\/www.wiros.de\/en\/wp-json\/wp\/v2\/pages\/222\/revisions"}],"predecessor-version":[{"id":27509,"href":"https:\/\/www.wiros.de\/en\/wp-json\/wp\/v2\/pages\/222\/revisions\/27509"}],"wp:attachment":[{"href":"https:\/\/www.wiros.de\/en\/wp-json\/wp\/v2\/media?parent=222"}],"curies":[{"name":"wp","href":"https:\/\/api.w.org\/{rel}","templated":true}]}}