{"id":27223,"date":"2025-07-18T13:27:31","date_gmt":"2025-07-18T11:27:31","guid":{"rendered":"https:\/\/ecstatic-allen.217-154-19-53.plesk.page\/?page_id=27223"},"modified":"2026-02-03T11:06:24","modified_gmt":"2026-02-03T10:06:24","slug":"ifus","status":"publish","type":"page","link":"https:\/\/www.wiros.de\/en\/ifus\/","title":{"rendered":"IFU"},"content":{"rendered":"<div data-elementor-type=\"wp-page\" data-elementor-id=\"27223\" class=\"elementor elementor-27223\" data-elementor-post-type=\"page\">\n\t\t\t\t\t\t<section class=\"elementor-section elementor-top-section elementor-element elementor-element-54bf1b3 elementor-section-full_width elementor-section-height-min-height elementor-section-items-stretch elementor-section-content-middle elementor-section-height-default\" data-id=\"54bf1b3\" data-element_type=\"section\" data-e-type=\"section\">\n\t\t\t\t\t\t\t<div class=\"elementor-background-overlay\"><\/div>\n\t\t\t\t\t\t\t<div class=\"elementor-container elementor-column-gap-wider\">\n\t\t\t\t\t<div class=\"elementor-column elementor-col-100 elementor-top-column elementor-element elementor-element-96a806b\" data-id=\"96a806b\" data-element_type=\"column\" data-e-type=\"column\">\n\t\t\t<div class=\"elementor-widget-wrap elementor-element-populated\">\n\t\t\t\t\t\t<div class=\"elementor-element elementor-element-a771a4c elementor-widget elementor-widget-heading\" data-id=\"a771a4c\" data-element_type=\"widget\" data-e-type=\"widget\" data-widget_type=\"heading.default\">\n\t\t\t\t<div class=\"elementor-widget-container\">\n\t\t\t\t\t<h2 class=\"elementor-heading-title elementor-size-default\">Instruction for Use<\/h2>\t\t\t\t<\/div>\n\t\t\t\t<\/div>\n\t\t\t\t\t<\/div>\n\t\t<\/div>\n\t\t\t\t\t<\/div>\n\t\t<\/section>\n\t\t\t\t<section class=\"elementor-section elementor-top-section elementor-element elementor-element-b4bc149 elementor-section-full_width elementor-section-height-min-height elementor-section-items-stretch elementor-section-content-middle elementor-section-height-default\" data-id=\"b4bc149\" data-element_type=\"section\" data-e-type=\"section\">\n\t\t\t\t\t\t\t<div class=\"elementor-background-overlay\"><\/div>\n\t\t\t\t\t\t\t<div class=\"elementor-container elementor-column-gap-wider\">\n\t\t\t\t\t<div class=\"elementor-column elementor-col-100 elementor-top-column elementor-element elementor-element-b3bbe48\" data-id=\"b3bbe48\" data-element_type=\"column\" data-e-type=\"column\">\n\t\t\t<div class=\"elementor-widget-wrap elementor-element-populated\">\n\t\t\t\t\t\t<div class=\"elementor-element elementor-element-414983a elementor-widget__width-initial elementor-widget elementor-widget-text-editor\" data-id=\"414983a\" data-element_type=\"widget\" data-e-type=\"widget\" data-widget_type=\"text-editor.default\">\n\t\t\t\t<div class=\"elementor-widget-container\">\n\t\t\t\t\t\t\t\t\t<p style=\"text-align: left;\"><ul class=\"ifu-dokumente\"><li><a href=\"https:\/\/www.wiros.de\/IFU\/IFU-wiroBALANCE-P.pdf\" target=\"_blank\">IFU-wiroBALANCE-P.pdf<\/a><\/li><li><a href=\"https:\/\/www.wiros.de\/IFU\/IFU-wiroBALANCE-PF.pdf\" target=\"_blank\">IFU-wiroBALANCE-PF.pdf<\/a><\/li><li><a href=\"https:\/\/www.wiros.de\/IFU\/IFU-wiroBEND.pdf\" target=\"_blank\">IFU-wiroBEND.pdf<\/a><\/li><li><a href=\"https:\/\/www.wiros.de\/IFU\/IFU-wiroBEST-E.pdf\" target=\"_blank\">IFU-wiroBEST-E.pdf<\/a><\/li><li><a href=\"https:\/\/www.wiros.de\/IFU\/IFU-wiroBEST-S.pdf\" target=\"_blank\">IFU-wiroBEST-S.pdf<\/a><\/li><li><a href=\"https:\/\/www.wiros.de\/IFU\/IFU-wiroBIG-IDENT.pdf\" target=\"_blank\">IFU-wiroBIG-IDENT.pdf<\/a><\/li><li><a href=\"https:\/\/www.wiros.de\/IFU\/IFU-wiroBIGSWABBY.pdf\" target=\"_blank\">IFU-wiroBIGSWABBY.pdf<\/a><\/li><li><a href=\"https:\/\/www.wiros.de\/IFU\/IFU-wiroBOIL.pdf\" target=\"_blank\">IFU-wiroBOIL.pdf<\/a><\/li><li><a href=\"https:\/\/www.wiros.de\/IFU\/IFU-wiroBOLT.pdf\" target=\"_blank\">IFU-wiroBOLT.pdf<\/a><\/li><li><a href=\"https:\/\/www.wiros.de\/IFU\/IFU-wiroBOOGIE.pdf\" target=\"_blank\">IFU-wiroBOOGIE.pdf<\/a><\/li><li><a href=\"https:\/\/www.wiros.de\/IFU\/IFU-wiroBOOTIE.pdf\" target=\"_blank\">IFU-wiroBOOTIE.pdf<\/a><\/li><li><a href=\"https:\/\/www.wiros.de\/IFU\/IFU-wiroBOOTSHELL.pdf\" target=\"_blank\">IFU-wiroBOOTSHELL.pdf<\/a><\/li><li><a href=\"https:\/\/www.wiros.de\/IFU\/IFU-wiroBOUND.pdf\" target=\"_blank\">IFU-wiroBOUND.pdf<\/a><\/li><li><a href=\"https:\/\/www.wiros.de\/IFU\/IFU-wiroBOW.pdf\" target=\"_blank\">IFU-wiroBOW.pdf<\/a><\/li><li><a href=\"https:\/\/www.wiros.de\/IFU\/IFU-wiroBRACE-PEAK.pdf\" target=\"_blank\">IFU-wiroBRACE-PEAK.pdf<\/a><\/li><li><a href=\"https:\/\/www.wiros.de\/IFU\/IFU-wiroBRACE.pdf\" target=\"_blank\">IFU-wiroBRACE.pdf<\/a><\/li><li><a href=\"https:\/\/www.wiros.de\/IFU\/IFU-wiroBREEZE.pdf\" target=\"_blank\">IFU-wiroBREEZE.pdf<\/a><\/li><li><a href=\"https:\/\/www.wiros.de\/IFU\/IFU-wiroBREW.pdf\" target=\"_blank\">IFU-wiroBREW.pdf<\/a><\/li><li><a href=\"https:\/\/www.wiros.de\/IFU\/IFU-wiroCANNY-S.pdf\" target=\"_blank\">IFU-wiroCANNY-S.pdf<\/a><\/li><li><a href=\"https:\/\/www.wiros.de\/IFU\/IFU-wiroCAPE.pdf\" target=\"_blank\">IFU-wiroCAPE.pdf<\/a><\/li><li><a href=\"https:\/\/www.wiros.de\/IFU\/IFU-wiroCARE-LOOP.pdf\" target=\"_blank\">IFU-wiroCARE-LOOP.pdf<\/a><\/li><li><a href=\"https:\/\/www.wiros.de\/IFU\/IFU-wiroCARE-TIE.pdf\" target=\"_blank\">IFU-wiroCARE-TIE.pdf<\/a><\/li><li><a href=\"https:\/\/www.wiros.de\/IFU\/IFU-wiroCARETIE.pdf\" target=\"_blank\">IFU-wiroCARETIE.pdf<\/a><\/li><li><a href=\"https:\/\/www.wiros.de\/IFU\/IFU-wiroCATCH.pdf\" target=\"_blank\">IFU-wiroCATCH.pdf<\/a><\/li><li><a href=\"https:\/\/www.wiros.de\/IFU\/IFU-wiroCHASTE.pdf\" target=\"_blank\">IFU-wiroCHASTE.pdf<\/a><\/li><li><a href=\"https:\/\/www.wiros.de\/IFU\/IFU-wiroCIRCLE.pdf\" target=\"_blank\">IFU-wiroCIRCLE.pdf<\/a><\/li><li><a href=\"https:\/\/www.wiros.de\/IFU\/IFU-wiroCLASSIC-FLEX.pdf\" target=\"_blank\">IFU-wiroCLASSIC-FLEX.pdf<\/a><\/li><li><a href=\"https:\/\/www.wiros.de\/IFU\/IFU-wiroCLASSIC-KNIT.pdf\" target=\"_blank\">IFU-wiroCLASSIC-KNIT.pdf<\/a><\/li><li><a href=\"https:\/\/www.wiros.de\/IFU\/IFU-wiroCLEAR.pdf\" target=\"_blank\">IFU-wiroCLEAR.pdf<\/a><\/li><li><a href=\"https:\/\/www.wiros.de\/IFU\/IFU-wiroCLEVER-FLEX.pdf\" target=\"_blank\">IFU-wiroCLEVER-FLEX.pdf<\/a><\/li><li><a href=\"https:\/\/www.wiros.de\/IFU\/IFU-wiroCOLLECT.pdf\" target=\"_blank\">IFU-wiroCOLLECT.pdf<\/a><\/li><li><a href=\"https:\/\/www.wiros.de\/IFU\/IFU-wiroCOMFORT-KNIT.pdf\" target=\"_blank\">IFU-wiroCOMFORT-KNIT.pdf<\/a><\/li><li><a href=\"https:\/\/www.wiros.de\/IFU\/IFU-wiroCOMPLETE-KNIT.pdf\" target=\"_blank\">IFU-wiroCOMPLETE-KNIT.pdf<\/a><\/li><li><a href=\"https:\/\/www.wiros.de\/IFU\/IFU-wiroCOSHORTS.pdf\" target=\"_blank\">IFU-wiroCOSHORTS.pdf<\/a><\/li><li><a href=\"https:\/\/www.wiros.de\/IFU\/IFU-wiroCOSMO.pdf\" target=\"_blank\">IFU-wiroCOSMO.pdf<\/a><\/li><li><a href=\"https:\/\/www.wiros.de\/IFU\/IFU-wiroCOSYFEET.pdf\" target=\"_blank\">IFU-wiroCOSYFEET.pdf<\/a><\/li><li><a href=\"https:\/\/www.wiros.de\/IFU\/IFU-wiroCOVALL-HOOD.pdf\" target=\"_blank\">IFU-wiroCOVALL-HOOD.pdf<\/a><\/li><li><a href=\"https:\/\/www.wiros.de\/IFU\/IFU-wiroCOVALL.pdf\" target=\"_blank\">IFU-wiroCOVALL.pdf<\/a><\/li><li><a href=\"https:\/\/www.wiros.de\/IFU\/IFU-wiroCOVLITE-HOOD.pdf\" target=\"_blank\">IFU-wiroCOVLITE-HOOD.pdf<\/a><\/li><li><a href=\"https:\/\/www.wiros.de\/IFU\/IFU-wiroCOVSOLID-HOOD.pdf\" target=\"_blank\">IFU-wiroCOVSOLID-HOOD.pdf<\/a><\/li><li><a href=\"https:\/\/www.wiros.de\/IFU\/IFU-wiroCUDDLE.pdf\" target=\"_blank\">IFU-wiroCUDDLE.pdf<\/a><\/li><li><a href=\"https:\/\/www.wiros.de\/IFU\/IFU-wiroDENSE-PF.pdf\" target=\"_blank\">IFU-wiroDENSE-PF.pdf<\/a><\/li><li><a href=\"https:\/\/www.wiros.de\/IFU\/IFU-wiroDENTAL.pdf\" target=\"_blank\">IFU-wiroDENTAL.pdf<\/a><\/li><li><a href=\"https:\/\/www.wiros.de\/IFU\/IFU-wiroDUST.pdf\" target=\"_blank\">IFU-wiroDUST.pdf<\/a><\/li><li><a href=\"https:\/\/www.wiros.de\/IFU\/IFU-wiroEASE-L.pdf\" target=\"_blank\">IFU-wiroEASE-L.pdf<\/a><\/li><li><a href=\"https:\/\/www.wiros.de\/IFU\/IFU-wiroEASE-S.pdf\" target=\"_blank\">IFU-wiroEASE-S.pdf<\/a><\/li><li><a href=\"https:\/\/www.wiros.de\/IFU\/IFU-wiroEMBAG.pdf\" target=\"_blank\">IFU-wiroEMBAG.pdf<\/a><\/li><li><a href=\"https:\/\/www.wiros.de\/IFU\/IFU-wiroEXTRA-S.pdf\" target=\"_blank\">IFU-wiroEXTRA-S.pdf<\/a><\/li><li><a href=\"https:\/\/www.wiros.de\/IFU\/IFU-wiroFEEL-PF.pdf\" target=\"_blank\">IFU-wiroFEEL-PF.pdf<\/a><\/li><li><a href=\"https:\/\/www.wiros.de\/IFU\/IFU-wiroFIRM.pdf\" target=\"_blank\">IFU-wiroFIRM.pdf<\/a><\/li><li><a href=\"https:\/\/www.wiros.de\/IFU\/IFU-wiroFIT.pdf\" target=\"_blank\">IFU-wiroFIT.pdf<\/a><\/li><li><a href=\"https:\/\/www.wiros.de\/IFU\/IFU-wiroFRY.pdf\" target=\"_blank\">IFU-wiroFRY.pdf<\/a><\/li><li><a href=\"https:\/\/www.wiros.de\/IFU\/IFU-wiroGO-CLIP.pdf\" target=\"_blank\">IFU-wiroGO-CLIP.pdf<\/a><\/li><li><a href=\"https:\/\/www.wiros.de\/IFU\/IFU-wiroGO.pdf\" target=\"_blank\">IFU-wiroGO.pdf<\/a><\/li><li><a href=\"https:\/\/www.wiros.de\/IFU\/IFU-wiroHIDE-DETECT.pdf\" target=\"_blank\">IFU-wiroHIDE-DETECT.pdf<\/a><\/li><li><a href=\"https:\/\/www.wiros.de\/IFU\/IFU-wiroHIDE.pdf\" target=\"_blank\">IFU-wiroHIDE.pdf<\/a><\/li><li><a href=\"https:\/\/www.wiros.de\/IFU\/IFU-wiroHIDEPRO.pdf\" target=\"_blank\">IFU-wiroHIDEPRO.pdf<\/a><\/li><li><a href=\"https:\/\/www.wiros.de\/IFU\/IFU-wiroHUMBLE.pdf\" target=\"_blank\">IFU-wiroHUMBLE.pdf<\/a><\/li><li><a href=\"https:\/\/www.wiros.de\/IFU\/IFU-wiroJIVE.pdf\" target=\"_blank\">IFU-wiroJIVE.pdf<\/a><\/li><li><a href=\"https:\/\/www.wiros.de\/IFU\/IFU-wiroKIMO.pdf\" target=\"_blank\">IFU-wiroKIMO.pdf<\/a><\/li><li><a href=\"https:\/\/www.wiros.de\/IFU\/IFU-wiroLAY.pdf\" target=\"_blank\">IFU-wiroLAY.pdf<\/a><\/li><li><a href=\"https:\/\/www.wiros.de\/IFU\/IFU-wiroLIGHT-PF.pdf\" target=\"_blank\">IFU-wiroLIGHT-PF.pdf<\/a><\/li><li><a href=\"https:\/\/www.wiros.de\/IFU\/IFU-wiroLOOP.pdf\" target=\"_blank\">IFU-wiroLOOP.pdf<\/a><\/li><li><a href=\"https:\/\/www.wiros.de\/IFU\/IFU-wiroMASK-LOOP.pdf\" target=\"_blank\">IFU-wiroMASK-LOOP.pdf<\/a><\/li><li><a href=\"https:\/\/www.wiros.de\/IFU\/IFU-wiroMATE.pdf\" target=\"_blank\">IFU-wiroMATE.pdf<\/a><\/li><li><a href=\"https:\/\/www.wiros.de\/IFU\/IFU-wiroMEDI-LOOP.pdf\" target=\"_blank\">IFU-wiroMEDI-LOOP.pdf<\/a><\/li><li><a href=\"https:\/\/www.wiros.de\/IFU\/IFU-wiroMEDILOOP.pdf\" target=\"_blank\">IFU-wiroMEDILOOP.pdf<\/a><\/li><li><a href=\"https:\/\/www.wiros.de\/IFU\/IFU-wiroMESH.pdf\" target=\"_blank\">IFU-wiroMESH.pdf<\/a><\/li><li><a href=\"https:\/\/www.wiros.de\/IFU\/IFU-wiroMOVE-S.pdf\" target=\"_blank\">IFU-wiroMOVE-S.pdf<\/a><\/li><li><a href=\"https:\/\/www.wiros.de\/IFU\/IFU-wiroNEAT.pdf\" target=\"_blank\">IFU-wiroNEAT.pdf<\/a><\/li><li><a href=\"https:\/\/www.wiros.de\/IFU\/IFU-wiroNICE.pdf\" target=\"_blank\">IFU-wiroNICE.pdf<\/a><\/li><li><a href=\"https:\/\/www.wiros.de\/IFU\/IFU-wiroNOVA.pdf\" target=\"_blank\">IFU-wiroNOVA.pdf<\/a><\/li><li><a href=\"https:\/\/www.wiros.de\/IFU\/IFU-wiroPANTS.pdf\" target=\"_blank\">IFU-wiroPANTS.pdf<\/a><\/li><li><a href=\"https:\/\/www.wiros.de\/IFU\/IFU-wiroPERFECT-KNIT.pdf\" target=\"_blank\">IFU-wiroPERFECT-KNIT.pdf<\/a><\/li><li><a href=\"https:\/\/www.wiros.de\/IFU\/IFU-wiroPINNY-E.pdf\" target=\"_blank\">IFU-wiroPINNY-E.pdf<\/a><\/li><li><a href=\"https:\/\/www.wiros.de\/IFU\/IFU-wiroPINNY-S.pdf\" target=\"_blank\">IFU-wiroPINNY-S.pdf<\/a><\/li><li><a href=\"https:\/\/www.wiros.de\/IFU\/IFU-wiroPIPE-CLIP.pdf\" target=\"_blank\">IFU-wiroPIPE-CLIP.pdf<\/a><\/li><li><a href=\"https:\/\/www.wiros.de\/IFU\/IFU-wiroPIPE.pdf\" target=\"_blank\">IFU-wiroPIPE.pdf<\/a><\/li><li><a href=\"https:\/\/www.wiros.de\/IFU\/IFU-wiroPLAIN.pdf\" target=\"_blank\">IFU-wiroPLAIN.pdf<\/a><\/li><li><a href=\"https:\/\/www.wiros.de\/IFU\/IFU-wiroPLATE.pdf\" target=\"_blank\">IFU-wiroPLATE.pdf<\/a><\/li><li><a href=\"https:\/\/www.wiros.de\/IFU\/IFU-wiroPOLY-CHETTE.pdf\" target=\"_blank\">IFU-wiroPOLY-CHETTE.pdf<\/a><\/li><li><a href=\"https:\/\/www.wiros.de\/IFU\/IFU-wiroPOLYDOT.pdf\" target=\"_blank\">IFU-wiroPOLYDOT.pdf<\/a><\/li><li><a href=\"https:\/\/www.wiros.de\/IFU\/IFU-wiroPRIM.pdf\" target=\"_blank\">IFU-wiroPRIM.pdf<\/a><\/li><li><a href=\"https:\/\/www.wiros.de\/IFU\/IFU-wiroPRIMA-CLASS-I.pdf\" target=\"_blank\">IFU-wiroPRIMA-CLASS-I.pdf<\/a><\/li><li><a href=\"https:\/\/www.wiros.de\/IFU\/IFU-wiroPRIMA-DETECT.pdf\" target=\"_blank\">IFU-wiroPRIMA-DETECT.pdf<\/a><\/li><li><a href=\"https:\/\/www.wiros.de\/IFU\/IFU-wiroPRIMA.pdf\" target=\"_blank\">IFU-wiroPRIMA.pdf<\/a><\/li><li><a href=\"https:\/\/www.wiros.de\/IFU\/IFU-wiroPROOF-LOOP.pdf\" target=\"_blank\">IFU-wiroPROOF-LOOP.pdf<\/a><\/li><li><a href=\"https:\/\/www.wiros.de\/IFU\/IFU-wiroPURE-LONG.pdf\" target=\"_blank\">IFU-wiroPURE-LONG.pdf<\/a><\/li><li><a href=\"https:\/\/www.wiros.de\/IFU\/IFU-wiroPURE.pdf\" target=\"_blank\">IFU-wiroPURE.pdf<\/a><\/li><li><a href=\"https:\/\/www.wiros.de\/IFU\/IFU-wiroPURITY.pdf\" target=\"_blank\">IFU-wiroPURITY.pdf<\/a><\/li><li><a href=\"https:\/\/www.wiros.de\/IFU\/IFU-wiroRANGER.pdf\" target=\"_blank\">IFU-wiroRANGER.pdf<\/a><\/li><li><a href=\"https:\/\/www.wiros.de\/IFU\/IFU-wiroRAVE.pdf\" target=\"_blank\">IFU-wiroRAVE.pdf<\/a><\/li><li><a href=\"https:\/\/www.wiros.de\/IFU\/IFU-wiroREPEL-FLEX.pdf\" target=\"_blank\">IFU-wiroREPEL-FLEX.pdf<\/a><\/li><li><a href=\"https:\/\/www.wiros.de\/IFU\/IFU-wiroREPEL-KNIT.pdf\" target=\"_blank\">IFU-wiroREPEL-KNIT.pdf<\/a><\/li><li><a href=\"https:\/\/www.wiros.de\/IFU\/IFU-wiroRUN.pdf\" target=\"_blank\">IFU-wiroRUN.pdf<\/a><\/li><li><a href=\"https:\/\/www.wiros.de\/IFU\/IFU-wiroSANCOTEX.pdf\" target=\"_blank\">IFU-wiroSANCOTEX.pdf<\/a><\/li><li><a href=\"https:\/\/www.wiros.de\/IFU\/IFU-wiroSERVE.pdf\" target=\"_blank\">IFU-wiroSERVE.pdf<\/a><\/li><li><a href=\"https:\/\/www.wiros.de\/IFU\/IFU-wiroSHEER.pdf\" target=\"_blank\">IFU-wiroSHEER.pdf<\/a><\/li><li><a href=\"https:\/\/www.wiros.de\/IFU\/IFU-wiroSHIRT.pdf\" target=\"_blank\">IFU-wiroSHIRT.pdf<\/a><\/li><li><a href=\"https:\/\/www.wiros.de\/IFU\/IFU-wiroSKIP.pdf\" target=\"_blank\">IFU-wiroSKIP.pdf<\/a><\/li><li><a href=\"https:\/\/www.wiros.de\/IFU\/IFU-wiroSLEEVE.pdf\" target=\"_blank\">IFU-wiroSLEEVE.pdf<\/a><\/li><li><a href=\"https:\/\/www.wiros.de\/IFU\/IFU-wiroSNUGGLE.pdf\" target=\"_blank\">IFU-wiroSNUGGLE.pdf<\/a><\/li><li><a href=\"https:\/\/www.wiros.de\/IFU\/IFU-wiroSOFT-CHETTE.pdf\" target=\"_blank\">IFU-wiroSOFT-CHETTE.pdf<\/a><\/li><li><a href=\"https:\/\/www.wiros.de\/IFU\/IFU-wiroSOFT-PURE.pdf\" target=\"_blank\">IFU-wiroSOFT-PURE.pdf<\/a><\/li><li><a href=\"https:\/\/www.wiros.de\/IFU\/IFU-wiroSPACE.pdf\" target=\"_blank\">IFU-wiroSPACE.pdf<\/a><\/li><li><a href=\"https:\/\/www.wiros.de\/IFU\/IFU-wiroSPADE.pdf\" target=\"_blank\">IFU-wiroSPADE.pdf<\/a><\/li><li><a href=\"https:\/\/www.wiros.de\/IFU\/IFU-wiroSPORT.pdf\" target=\"_blank\">IFU-wiroSPORT.pdf<\/a><\/li><li><a href=\"https:\/\/www.wiros.de\/IFU\/IFU-wiroSPY-DUAL.pdf\" target=\"_blank\">IFU-wiroSPY-DUAL.pdf<\/a><\/li><li><a href=\"https:\/\/www.wiros.de\/IFU\/IFU-wiroSPY-SINGLE.pdf\" target=\"_blank\">IFU-wiroSPY-SINGLE.pdf<\/a><\/li><li><a href=\"https:\/\/www.wiros.de\/IFU\/IFU-wiroSTART.pdf\" target=\"_blank\">IFU-wiroSTART.pdf<\/a><\/li><li><a href=\"https:\/\/www.wiros.de\/IFU\/IFU-wiroSTELLAR.pdf\" target=\"_blank\">IFU-wiroSTELLAR.pdf<\/a><\/li><li><a href=\"https:\/\/www.wiros.de\/IFU\/IFU-wiroSTRAIGHT.pdf\" target=\"_blank\">IFU-wiroSTRAIGHT.pdf<\/a><\/li><li><a href=\"https:\/\/www.wiros.de\/IFU\/IFU-wiroSTRETCH-PF.pdf\" target=\"_blank\">IFU-wiroSTRETCH-PF.pdf<\/a><\/li><li><a href=\"https:\/\/www.wiros.de\/IFU\/IFU-wiroSTRONG-S.pdf\" target=\"_blank\">IFU-wiroSTRONG-S.pdf<\/a><\/li><li><a href=\"https:\/\/www.wiros.de\/IFU\/IFU-wiroSTRONGLAY.pdf\" target=\"_blank\">IFU-wiroSTRONGLAY.pdf<\/a><\/li><li><a href=\"https:\/\/www.wiros.de\/IFU\/IFU-wiroSTRUCTUREGRIP-PF.pdf\" target=\"_blank\">IFU-wiroSTRUCTUREGRIP-PF.pdf<\/a><\/li><li><a href=\"https:\/\/www.wiros.de\/IFU\/IFU-wiroSTRUCTUREGRIP_PF.pdf\" target=\"_blank\">IFU-wiroSTRUCTUREGRIP_PF.pdf<\/a><\/li><li><a href=\"https:\/\/www.wiros.de\/IFU\/IFU-wiroSWAB.pdf\" target=\"_blank\">IFU-wiroSWAB.pdf<\/a><\/li><li><a href=\"https:\/\/www.wiros.de\/IFU\/IFU-wiroSWABBY.pdf\" target=\"_blank\">IFU-wiroSWABBY.pdf<\/a><\/li><li><a href=\"https:\/\/www.wiros.de\/IFU\/IFU-wiroSWING.pdf\" target=\"_blank\">IFU-wiroSWING.pdf<\/a><\/li><li><a href=\"https:\/\/www.wiros.de\/IFU\/IFU-wiroTINY-IDENT.pdf\" target=\"_blank\">IFU-wiroTINY-IDENT.pdf<\/a><\/li><li><a href=\"https:\/\/www.wiros.de\/IFU\/IFU-wiroTIPPF.pdf\" target=\"_blank\">IFU-wiroTIPPF.pdf<\/a><\/li><li><a href=\"https:\/\/www.wiros.de\/IFU\/IFU-wiroTIPPI.pdf\" target=\"_blank\">IFU-wiroTIPPI.pdf<\/a><\/li><li><a href=\"https:\/\/www.wiros.de\/IFU\/IFU-wiroTOUCH-PF-LONG.pdf\" target=\"_blank\">IFU-wiroTOUCH-PF-LONG.pdf<\/a><\/li><li><a href=\"https:\/\/www.wiros.de\/IFU\/IFU-wiroTOUCH-PF.pdf\" target=\"_blank\">IFU-wiroTOUCH-PF.pdf<\/a><\/li><li><a href=\"https:\/\/www.wiros.de\/IFU\/IFU-wiroTUBE-CLIP.pdf\" target=\"_blank\">IFU-wiroTUBE-CLIP.pdf<\/a><\/li><li><a href=\"https:\/\/www.wiros.de\/IFU\/IFU-wiroTUBE.pdf\" target=\"_blank\">IFU-wiroTUBE.pdf<\/a><\/li><li><a href=\"https:\/\/www.wiros.de\/IFU\/IFU-wiroWALK.pdf\" target=\"_blank\">IFU-wiroWALK.pdf<\/a><\/li><li><a href=\"https:\/\/www.wiros.de\/IFU\/IFU-wiroWELDED.pdf\" target=\"_blank\">IFU-wiroWELDED.pdf<\/a><\/li><\/ul><\/p>\t\t\t\t\t\t\t\t<\/div>\n\t\t\t\t<\/div>\n\t\t\t\t\t<\/div>\n\t\t<\/div>\n\t\t\t\t\t<\/div>\n\t\t<\/section>\n\t\t\t\t<\/div>","protected":false},"excerpt":{"rendered":"<p>Instruction for Use<\/p>","protected":false},"author":1,"featured_media":0,"parent":0,"menu_order":0,"comment_status":"closed","ping_status":"closed","template":"","meta":{"footnotes":""},"class_list":["post-27223","page","type-page","status-publish","hentry"],"yoast_head":"<!-- This site is optimized with the Yoast SEO plugin v27.2 - https:\/\/yoast.com\/product\/yoast-seo-wordpress\/ -->\n<title>IFU - WIROS Wilfried Rosbach GmbH<\/title>\n<meta name=\"robots\" content=\"index, follow, max-snippet:-1, max-image-preview:large, max-video-preview:-1\" \/>\n<link rel=\"canonical\" href=\"https:\/\/www.wiros.de\/en\/ifus\/\" \/>\n<meta property=\"og:locale\" content=\"en_US\" \/>\n<meta property=\"og:type\" content=\"article\" \/>\n<meta property=\"og:title\" content=\"IFU - WIROS Wilfried Rosbach GmbH\" \/>\n<meta property=\"og:description\" content=\"Instruction for Use\" \/>\n<meta property=\"og:url\" content=\"https:\/\/www.wiros.de\/en\/ifus\/\" \/>\n<meta property=\"og:site_name\" content=\"WIROS Wilfried Rosbach GmbH\" \/>\n<meta property=\"article:modified_time\" content=\"2026-02-03T10:06:24+00:00\" \/>\n<meta name=\"twitter:card\" content=\"summary_large_image\" \/>\n<script type=\"application\/ld+json\" class=\"yoast-schema-graph\">{\"@context\":\"https:\/\/schema.org\",\"@graph\":[{\"@type\":\"WebPage\",\"@id\":\"https:\/\/www.wiros.de\/ifus\/\",\"url\":\"https:\/\/www.wiros.de\/ifus\/\",\"name\":\"IFU - WIROS Wilfried Rosbach GmbH\",\"isPartOf\":{\"@id\":\"https:\/\/www.wiros.de\/#website\"},\"datePublished\":\"2025-07-18T11:27:31+00:00\",\"dateModified\":\"2026-02-03T10:06:24+00:00\",\"breadcrumb\":{\"@id\":\"https:\/\/www.wiros.de\/ifus\/#breadcrumb\"},\"inLanguage\":\"en-US\",\"potentialAction\":[{\"@type\":\"ReadAction\",\"target\":[\"https:\/\/www.wiros.de\/ifus\/\"]}]},{\"@type\":\"BreadcrumbList\",\"@id\":\"https:\/\/www.wiros.de\/ifus\/#breadcrumb\",\"itemListElement\":[{\"@type\":\"ListItem\",\"position\":1,\"name\":\"Start\",\"item\":\"https:\/\/www.wiros.de\/\"},{\"@type\":\"ListItem\",\"position\":2,\"name\":\"IFU\"}]},{\"@type\":\"WebSite\",\"@id\":\"https:\/\/www.wiros.de\/#website\",\"url\":\"https:\/\/www.wiros.de\/\",\"name\":\"WIROS Wilfried Rosbach GmbH\",\"description\":\"Ihr Einwegschutzspezialist f\u00fcr Fach- und Gro\u00dfh\u00e4ndler\",\"publisher\":{\"@id\":\"https:\/\/www.wiros.de\/#organization\"},\"potentialAction\":[{\"@type\":\"SearchAction\",\"target\":{\"@type\":\"EntryPoint\",\"urlTemplate\":\"https:\/\/www.wiros.de\/?s={search_term_string}\"},\"query-input\":{\"@type\":\"PropertyValueSpecification\",\"valueRequired\":true,\"valueName\":\"search_term_string\"}}],\"inLanguage\":\"en-US\"},{\"@type\":\"Organization\",\"@id\":\"https:\/\/www.wiros.de\/#organization\",\"name\":\"WIROS Wilfried Rosbach GmbH\",\"url\":\"https:\/\/www.wiros.de\/\",\"logo\":{\"@type\":\"ImageObject\",\"inLanguage\":\"en-US\",\"@id\":\"https:\/\/www.wiros.de\/#\/schema\/logo\/image\/\",\"url\":\"https:\/\/www.wiros.de\/wp-content\/uploads\/2025\/02\/Wiros_Logo_Unterzeile_RGB-e1739807515478.png\",\"contentUrl\":\"https:\/\/www.wiros.de\/wp-content\/uploads\/2025\/02\/Wiros_Logo_Unterzeile_RGB-e1739807515478.png\",\"width\":662,\"height\":313,\"caption\":\"WIROS Wilfried Rosbach GmbH\"},\"image\":{\"@id\":\"https:\/\/www.wiros.de\/#\/schema\/logo\/image\/\"}}]}<\/script>\n<!-- \/ Yoast SEO plugin. -->","yoast_head_json":{"title":"IFU - WIROS Wilfried Rosbach GmbH","robots":{"index":"index","follow":"follow","max-snippet":"max-snippet:-1","max-image-preview":"max-image-preview:large","max-video-preview":"max-video-preview:-1"},"canonical":"https:\/\/www.wiros.de\/en\/ifus\/","og_locale":"en_US","og_type":"article","og_title":"IFU - WIROS Wilfried Rosbach GmbH","og_description":"Instruction for Use","og_url":"https:\/\/www.wiros.de\/en\/ifus\/","og_site_name":"WIROS Wilfried Rosbach GmbH","article_modified_time":"2026-02-03T10:06:24+00:00","twitter_card":"summary_large_image","schema":{"@context":"https:\/\/schema.org","@graph":[{"@type":"WebPage","@id":"https:\/\/www.wiros.de\/ifus\/","url":"https:\/\/www.wiros.de\/ifus\/","name":"IFU - WIROS Wilfried Rosbach GmbH","isPartOf":{"@id":"https:\/\/www.wiros.de\/#website"},"datePublished":"2025-07-18T11:27:31+00:00","dateModified":"2026-02-03T10:06:24+00:00","breadcrumb":{"@id":"https:\/\/www.wiros.de\/ifus\/#breadcrumb"},"inLanguage":"en-US","potentialAction":[{"@type":"ReadAction","target":["https:\/\/www.wiros.de\/ifus\/"]}]},{"@type":"BreadcrumbList","@id":"https:\/\/www.wiros.de\/ifus\/#breadcrumb","itemListElement":[{"@type":"ListItem","position":1,"name":"Start","item":"https:\/\/www.wiros.de\/"},{"@type":"ListItem","position":2,"name":"IFU"}]},{"@type":"WebSite","@id":"https:\/\/www.wiros.de\/#website","url":"https:\/\/www.wiros.de\/","name":"WIROS Wilfried Rosbach GmbH","description":"Ihr Einwegschutzspezialist f\u00fcr Fach- und Gro\u00dfh\u00e4ndler","publisher":{"@id":"https:\/\/www.wiros.de\/#organization"},"potentialAction":[{"@type":"SearchAction","target":{"@type":"EntryPoint","urlTemplate":"https:\/\/www.wiros.de\/?s={search_term_string}"},"query-input":{"@type":"PropertyValueSpecification","valueRequired":true,"valueName":"search_term_string"}}],"inLanguage":"en-US"},{"@type":"Organization","@id":"https:\/\/www.wiros.de\/#organization","name":"WIROS Wilfried Rosbach GmbH","url":"https:\/\/www.wiros.de\/","logo":{"@type":"ImageObject","inLanguage":"en-US","@id":"https:\/\/www.wiros.de\/#\/schema\/logo\/image\/","url":"https:\/\/www.wiros.de\/wp-content\/uploads\/2025\/02\/Wiros_Logo_Unterzeile_RGB-e1739807515478.png","contentUrl":"https:\/\/www.wiros.de\/wp-content\/uploads\/2025\/02\/Wiros_Logo_Unterzeile_RGB-e1739807515478.png","width":662,"height":313,"caption":"WIROS Wilfried Rosbach GmbH"},"image":{"@id":"https:\/\/www.wiros.de\/#\/schema\/logo\/image\/"}}]}},"_links":{"self":[{"href":"https:\/\/www.wiros.de\/en\/wp-json\/wp\/v2\/pages\/27223","targetHints":{"allow":["GET"]}}],"collection":[{"href":"https:\/\/www.wiros.de\/en\/wp-json\/wp\/v2\/pages"}],"about":[{"href":"https:\/\/www.wiros.de\/en\/wp-json\/wp\/v2\/types\/page"}],"author":[{"embeddable":true,"href":"https:\/\/www.wiros.de\/en\/wp-json\/wp\/v2\/users\/1"}],"replies":[{"embeddable":true,"href":"https:\/\/www.wiros.de\/en\/wp-json\/wp\/v2\/comments?post=27223"}],"version-history":[{"count":17,"href":"https:\/\/www.wiros.de\/en\/wp-json\/wp\/v2\/pages\/27223\/revisions"}],"predecessor-version":[{"id":27521,"href":"https:\/\/www.wiros.de\/en\/wp-json\/wp\/v2\/pages\/27223\/revisions\/27521"}],"wp:attachment":[{"href":"https:\/\/www.wiros.de\/en\/wp-json\/wp\/v2\/media?parent=27223"}],"curies":[{"name":"wp","href":"https:\/\/api.w.org\/{rel}","templated":true}]}}