{"id":323,"date":"2022-12-02T08:50:09","date_gmt":"2022-12-02T08:50:09","guid":{"rendered":"https:\/\/wiros.adlercloud.at\/?page_id=323"},"modified":"2026-01-23T18:18:39","modified_gmt":"2026-01-23T17:18:39","slug":"service","status":"publish","type":"page","link":"https:\/\/www.wiros.de\/en\/service\/","title":{"rendered":"Service"},"content":{"rendered":"<div data-elementor-type=\"wp-page\" data-elementor-id=\"323\" class=\"elementor elementor-323\" data-elementor-post-type=\"page\">\n\t\t\t\t\t\t<section class=\"elementor-section elementor-top-section elementor-element elementor-element-d6f0e13 elementor-section-height-min-height elementor-section-items-stretch elementor-section-content-middle elementor-section-boxed elementor-section-height-default\" data-id=\"d6f0e13\" data-element_type=\"section\" data-e-type=\"section\" data-settings=\"{&quot;background_background&quot;:&quot;classic&quot;}\">\n\t\t\t\t\t\t\t<div class=\"elementor-background-overlay\"><\/div>\n\t\t\t\t\t\t\t<div class=\"elementor-container elementor-column-gap-wider\">\n\t\t\t\t\t<div class=\"elementor-column elementor-col-50 elementor-top-column elementor-element elementor-element-3418b5d\" data-id=\"3418b5d\" data-element_type=\"column\" data-e-type=\"column\">\n\t\t\t<div class=\"elementor-widget-wrap elementor-element-populated\">\n\t\t\t\t\t\t<div class=\"elementor-element elementor-element-8dfa78d elementor-widget elementor-widget-heading\" data-id=\"8dfa78d\" data-element_type=\"widget\" data-e-type=\"widget\" data-widget_type=\"heading.default\">\n\t\t\t\t<div class=\"elementor-widget-container\">\n\t\t\t\t\t<h2 class=\"elementor-heading-title elementor-size-default\">Service<\/h2>\t\t\t\t<\/div>\n\t\t\t\t<\/div>\n\t\t\t\t\t<\/div>\n\t\t<\/div>\n\t\t\t\t<div class=\"elementor-column elementor-col-50 elementor-top-column elementor-element elementor-element-ffe3168\" data-id=\"ffe3168\" data-element_type=\"column\" data-e-type=\"column\" data-settings=\"{&quot;background_background&quot;:&quot;classic&quot;}\">\n\t\t\t<div class=\"elementor-widget-wrap elementor-element-populated\">\n\t\t\t\t\t\t<div class=\"elementor-element elementor-element-8b9d77f elementor-widget elementor-widget-image\" data-id=\"8b9d77f\" data-element_type=\"widget\" data-e-type=\"widget\" data-widget_type=\"image.default\">\n\t\t\t\t<div class=\"elementor-widget-container\">\n\t\t\t\t\t\t\t\t\t\t\t\t\t\t\t<img fetchpriority=\"high\" decoding=\"async\" width=\"300\" height=\"188\" src=\"https:\/\/www.wiros.de\/wp-content\/uploads\/2022\/12\/care-and-serve-logo-green-300x188.png\" class=\"attachment-medium size-medium wp-image-303\" alt=\"\" srcset=\"https:\/\/www.wiros.de\/wp-content\/uploads\/2022\/12\/care-and-serve-logo-green-300x188.png 300w, https:\/\/www.wiros.de\/wp-content\/uploads\/2022\/12\/care-and-serve-logo-green-600x377.png 600w, https:\/\/www.wiros.de\/wp-content\/uploads\/2022\/12\/elementor\/thumbs\/care-and-serve-logo-green-rd2e6ce847fpsccymowswlnk5b9c8s12z14yn2fvmw.png 160w, https:\/\/www.wiros.de\/wp-content\/uploads\/2022\/12\/care-and-serve-logo-green.png 615w\" sizes=\"(max-width: 300px) 100vw, 300px\" \/>\t\t\t\t\t\t\t\t\t\t\t\t\t\t\t<\/div>\n\t\t\t\t<\/div>\n\t\t\t\t\t<\/div>\n\t\t<\/div>\n\t\t\t\t\t<\/div>\n\t\t<\/section>\n\t\t\t\t<section class=\"elementor-section elementor-top-section elementor-element elementor-element-23659d3 elementor-section-boxed elementor-section-height-default elementor-section-height-default\" data-id=\"23659d3\" data-element_type=\"section\" data-e-type=\"section\">\n\t\t\t\t\t\t<div class=\"elementor-container elementor-column-gap-default\">\n\t\t\t\t\t<div class=\"elementor-column elementor-col-100 elementor-top-column elementor-element elementor-element-645c3c9\" data-id=\"645c3c9\" data-element_type=\"column\" data-e-type=\"column\">\n\t\t\t<div class=\"elementor-widget-wrap elementor-element-populated\">\n\t\t\t\t\t\t<div class=\"elementor-element elementor-element-b709a59 elementor-widget elementor-widget-heading\" data-id=\"b709a59\" data-element_type=\"widget\" data-e-type=\"widget\" data-widget_type=\"heading.default\">\n\t\t\t\t<div class=\"elementor-widget-container\">\n\t\t\t\t\t<h2 class=\"elementor-heading-title elementor-size-default\">The WIROS PRICE SCALE<\/h2>\t\t\t\t<\/div>\n\t\t\t\t<\/div>\n\t\t\t\t<div class=\"elementor-element elementor-element-f46bcb2 elementor-widget elementor-widget-text-editor\" data-id=\"f46bcb2\" data-element_type=\"widget\" data-e-type=\"widget\" data-widget_type=\"text-editor.default\">\n\t\t\t\t<div class=\"elementor-widget-container\">\n\t\t\t\t\t\t\t\t\t<h4>\u2026 for easy &amp; flexible ordering at affordable prices!\u00a0<\/h4>\t\t\t\t\t\t\t\t<\/div>\n\t\t\t\t<\/div>\n\t\t\t\t<section class=\"elementor-section elementor-inner-section elementor-element elementor-element-cb71aff elementor-section-boxed elementor-section-height-default elementor-section-height-default\" data-id=\"cb71aff\" data-element_type=\"section\" data-e-type=\"section\">\n\t\t\t\t\t\t<div class=\"elementor-container elementor-column-gap-default\">\n\t\t\t\t\t<div class=\"elementor-column elementor-col-50 elementor-inner-column elementor-element elementor-element-14ae983\" data-id=\"14ae983\" data-element_type=\"column\" data-e-type=\"column\">\n\t\t\t<div class=\"elementor-widget-wrap elementor-element-populated\">\n\t\t\t\t\t\t<div class=\"elementor-element elementor-element-9c0570e elementor-widget elementor-widget-image\" data-id=\"9c0570e\" data-element_type=\"widget\" data-e-type=\"widget\" data-widget_type=\"image.default\">\n\t\t\t\t<div class=\"elementor-widget-container\">\n\t\t\t\t\t\t\t\t\t\t\t\t\t\t\t<img decoding=\"async\" width=\"150\" height=\"150\" src=\"https:\/\/www.wiros.de\/wp-content\/uploads\/2022\/12\/7beac0097c52b113bbbbdc15c197018ee0f506d1.png\" class=\"attachment-large size-large wp-image-325\" alt=\"\" srcset=\"https:\/\/www.wiros.de\/wp-content\/uploads\/2022\/12\/7beac0097c52b113bbbbdc15c197018ee0f506d1.png 150w, https:\/\/www.wiros.de\/wp-content\/uploads\/2022\/12\/7beac0097c52b113bbbbdc15c197018ee0f506d1-100x100.png 100w\" sizes=\"(max-width: 150px) 100vw, 150px\" \/>\t\t\t\t\t\t\t\t\t\t\t\t\t\t\t<\/div>\n\t\t\t\t<\/div>\n\t\t\t\t\t<\/div>\n\t\t<\/div>\n\t\t\t\t<div class=\"elementor-column elementor-col-50 elementor-inner-column elementor-element elementor-element-cd2b937\" data-id=\"cd2b937\" data-element_type=\"column\" data-e-type=\"column\">\n\t\t\t<div class=\"elementor-widget-wrap elementor-element-populated\">\n\t\t\t\t\t\t<div class=\"elementor-element elementor-element-c230bea elementor-widget elementor-widget-text-editor\" data-id=\"c230bea\" data-element_type=\"widget\" data-e-type=\"widget\" data-widget_type=\"text-editor.default\">\n\t\t\t\t<div class=\"elementor-widget-container\">\n\t\t\t\t\t\t\t\t\t<div>Since the TOTAL-VOLUME of your order defines the prices for ALL items ordered.<\/div><div>\u00a0<\/div><div><div>At the same time you can set up your pallets on an individual and cross-product basis.<\/div><\/div>\t\t\t\t\t\t\t\t<\/div>\n\t\t\t\t<\/div>\n\t\t\t\t<div class=\"elementor-element elementor-element-2b37031 elementor-widget elementor-widget-text-editor\" data-id=\"2b37031\" data-element_type=\"widget\" data-e-type=\"widget\" data-widget_type=\"text-editor.default\">\n\t\t\t\t<div class=\"elementor-widget-container\">\n\t\t\t\t\t\t\t\t\t<h4>What counts is the total number of pallets!<\/h4>\t\t\t\t\t\t\t\t<\/div>\n\t\t\t\t<\/div>\n\t\t\t\t<div class=\"elementor-element elementor-element-db7c7a1 elementor-widget elementor-widget-text-editor\" data-id=\"db7c7a1\" data-element_type=\"widget\" data-e-type=\"widget\" data-widget_type=\"text-editor.default\">\n\t\t\t\t<div class=\"elementor-widget-container\">\n\t\t\t\t\t\t\t\t\tOrder the products of your choice via\u00a0<a href=\"mailto:bestellung@wiros.de\">bestellung@wiros.de<\/a>\u00a0from our extensive\u00a0<a href=\"https:\/\/wiros.de\/care-serve\/\">care&amp;serve<\/a>\u00a0range: <br><br>\n\nIf you reach a total of 1 - 3 pallets,\nyou will receive our favourable 1 - 3 pallet price on ALL products in this order!\n<br> <br>\nAnd with 4 - 6 pallets the even more favourable 4 - 6 pallet price!\t\t\t\t\t\t\t\t<\/div>\n\t\t\t\t<\/div>\n\t\t\t\t<div class=\"elementor-element elementor-element-59950d2 elementor-widget elementor-widget-text-editor\" data-id=\"59950d2\" data-element_type=\"widget\" data-e-type=\"widget\" data-widget_type=\"text-editor.default\">\n\t\t\t\t<div class=\"elementor-widget-container\">\n\t\t\t\t\t\t\t\t\t<h4>No small-quantity surcharge! No minimum purchase amount!<\/h4>\t\t\t\t\t\t\t\t<\/div>\n\t\t\t\t<\/div>\n\t\t\t\t\t<\/div>\n\t\t<\/div>\n\t\t\t\t\t<\/div>\n\t\t<\/section>\n\t\t\t\t\t<\/div>\n\t\t<\/div>\n\t\t\t\t\t<\/div>\n\t\t<\/section>\n\t\t\t\t<section class=\"elementor-section elementor-top-section elementor-element elementor-element-e2fe438 elementor-section-boxed elementor-section-height-default elementor-section-height-default\" data-id=\"e2fe438\" data-element_type=\"section\" data-e-type=\"section\">\n\t\t\t\t\t\t<div class=\"elementor-container elementor-column-gap-default\">\n\t\t\t\t\t<div class=\"elementor-column elementor-col-100 elementor-top-column elementor-element elementor-element-e7ae6a0\" data-id=\"e7ae6a0\" data-element_type=\"column\" data-e-type=\"column\">\n\t\t\t<div class=\"elementor-widget-wrap elementor-element-populated\">\n\t\t\t\t\t\t<div class=\"elementor-element elementor-element-7845154 elementor-widget elementor-widget-heading\" data-id=\"7845154\" data-element_type=\"widget\" data-e-type=\"widget\" data-widget_type=\"heading.default\">\n\t\t\t\t<div class=\"elementor-widget-container\">\n\t\t\t\t\t<h2 class=\"elementor-heading-title elementor-size-default\">The WIROS GUARANTEE\n<\/h2>\t\t\t\t<\/div>\n\t\t\t\t<\/div>\n\t\t\t\t<div class=\"elementor-element elementor-element-380599d elementor-widget elementor-widget-text-editor\" data-id=\"380599d\" data-element_type=\"widget\" data-e-type=\"widget\" data-widget_type=\"text-editor.default\">\n\t\t\t\t<div class=\"elementor-widget-container\">\n\t\t\t\t\t\t\t\t\t<div><p>We aim to process your order on the same day or by the next day at the latest!<br \/>You should receive an order confirmation within one working day.<\/p><p>Please let us know if you have been waiting longer than this for an order confirmation or delivery note<br \/>so that we can check the status of your order.\u00a0<\/p><p>This does not apply to order confirmations for customised products or packages due to the longer processing times required.<\/p><p>Please provide us with any necessary information to help us fulfil your order as smoothly as possible, such as alternative delivery addresses, neutral deliveries, goods receiving times, required lifting platforms, etc.<\/p><\/div><div>Please feel free to contact us if you have any questions:\u00a0<a href=\"https:\/\/wiros.de\/de\/kontakt\">Call\u00a0<\/a>or\u00a0<a href=\"mailto:service@wiros.de\">E-Mail.<\/a><\/div>\t\t\t\t\t\t\t\t<\/div>\n\t\t\t\t<\/div>\n\t\t\t\t\t<\/div>\n\t\t<\/div>\n\t\t\t\t\t<\/div>\n\t\t<\/section>\n\t\t\t\t<\/div>","protected":false},"excerpt":{"rendered":"<p>Service Die WIROS-PREIS-STAFFELUNG &#8230; f\u00fcr eine einfache &amp; flexible Bestellung zu g\u00fcnstigsten Preisen!\u00a0 Denn bei uns bestimmt das\u00a0GESAMT-VOLUMEN\u00a0Ihres Auftrags\u00a0die Preise f\u00fcr\u00a0ALLE\u00a0Artikel Ihres Auftrags!\u00a0Dabei k\u00f6nnen Sie Ihre Paletten ganz individuell &amp; produkt\u00fcbergreifend zusammenstellen. Was z\u00e4hlt, ist die Paletten-Gesamtanzahl! Bestellen Sie \u00fcber\u00a0bestellung@wiros.de\u00a0die Produkte Ihrer Wahl\u00a0aus unserem umfangreichen\u00a0care&amp;serve\u00a0Sortiment: Erreichen Sie dabei eine Anzahl von insgesamt 1 &#8211; 3 [&hellip;]<\/p>\n","protected":false},"author":1,"featured_media":0,"parent":0,"menu_order":0,"comment_status":"closed","ping_status":"closed","template":"","meta":{"footnotes":""},"class_list":["post-323","page","type-page","status-publish","hentry"],"yoast_head":"<!-- This site is optimized with the Yoast SEO plugin v27.5 - https:\/\/yoast.com\/product\/yoast-seo-wordpress\/ -->\n<title>Service - WIROS Wilfried Rosbach GmbH<\/title>\n<meta name=\"robots\" content=\"index, follow, max-snippet:-1, max-image-preview:large, max-video-preview:-1\" \/>\n<link rel=\"canonical\" href=\"https:\/\/www.wiros.de\/en\/service\/\" \/>\n<meta property=\"og:locale\" content=\"en_US\" \/>\n<meta property=\"og:type\" content=\"article\" \/>\n<meta property=\"og:title\" content=\"Service - WIROS Wilfried Rosbach GmbH\" \/>\n<meta property=\"og:description\" content=\"Service Die WIROS-PREIS-STAFFELUNG &#8230; f\u00fcr eine einfache &amp; flexible Bestellung zu g\u00fcnstigsten Preisen!\u00a0 Denn bei uns bestimmt das\u00a0GESAMT-VOLUMEN\u00a0Ihres Auftrags\u00a0die Preise f\u00fcr\u00a0ALLE\u00a0Artikel Ihres Auftrags!\u00a0Dabei k\u00f6nnen Sie Ihre Paletten ganz individuell &amp; produkt\u00fcbergreifend zusammenstellen. Was z\u00e4hlt, ist die Paletten-Gesamtanzahl! Bestellen Sie \u00fcber\u00a0bestellung@wiros.de\u00a0die Produkte Ihrer Wahl\u00a0aus unserem umfangreichen\u00a0care&amp;serve\u00a0Sortiment: Erreichen Sie dabei eine Anzahl von insgesamt 1 &#8211; 3 [&hellip;]\" \/>\n<meta property=\"og:url\" content=\"https:\/\/www.wiros.de\/en\/service\/\" \/>\n<meta property=\"og:site_name\" content=\"WIROS Wilfried Rosbach GmbH\" \/>\n<meta property=\"article:modified_time\" content=\"2026-01-23T17:18:39+00:00\" \/>\n<meta property=\"og:image\" content=\"https:\/\/www.wiros.de\/wp-content\/uploads\/2022\/12\/care-and-serve-logo-green.png\" \/>\n\t<meta property=\"og:image:width\" content=\"615\" \/>\n\t<meta property=\"og:image:height\" content=\"386\" \/>\n\t<meta property=\"og:image:type\" content=\"image\/png\" \/>\n<meta name=\"twitter:card\" content=\"summary_large_image\" \/>\n<meta name=\"twitter:label1\" content=\"Est. reading time\" \/>\n\t<meta name=\"twitter:data1\" content=\"1 minute\" \/>\n<script type=\"application\/ld+json\" class=\"yoast-schema-graph\">{\"@context\":\"https:\\\/\\\/schema.org\",\"@graph\":[{\"@type\":\"WebPage\",\"@id\":\"https:\\\/\\\/www.wiros.de\\\/service\\\/\",\"url\":\"https:\\\/\\\/www.wiros.de\\\/service\\\/\",\"name\":\"Service - WIROS Wilfried Rosbach GmbH\",\"isPartOf\":{\"@id\":\"https:\\\/\\\/www.wiros.de\\\/#website\"},\"primaryImageOfPage\":{\"@id\":\"https:\\\/\\\/www.wiros.de\\\/service\\\/#primaryimage\"},\"image\":{\"@id\":\"https:\\\/\\\/www.wiros.de\\\/service\\\/#primaryimage\"},\"thumbnailUrl\":\"https:\\\/\\\/www.wiros.de\\\/wp-content\\\/uploads\\\/2022\\\/12\\\/care-and-serve-logo-green-300x188.png\",\"datePublished\":\"2022-12-02T08:50:09+00:00\",\"dateModified\":\"2026-01-23T17:18:39+00:00\",\"breadcrumb\":{\"@id\":\"https:\\\/\\\/www.wiros.de\\\/service\\\/#breadcrumb\"},\"inLanguage\":\"en-US\",\"potentialAction\":[{\"@type\":\"ReadAction\",\"target\":[\"https:\\\/\\\/www.wiros.de\\\/service\\\/\"]}]},{\"@type\":\"ImageObject\",\"inLanguage\":\"en-US\",\"@id\":\"https:\\\/\\\/www.wiros.de\\\/service\\\/#primaryimage\",\"url\":\"https:\\\/\\\/www.wiros.de\\\/wp-content\\\/uploads\\\/2022\\\/12\\\/care-and-serve-logo-green-300x188.png\",\"contentUrl\":\"https:\\\/\\\/www.wiros.de\\\/wp-content\\\/uploads\\\/2022\\\/12\\\/care-and-serve-logo-green-300x188.png\"},{\"@type\":\"BreadcrumbList\",\"@id\":\"https:\\\/\\\/www.wiros.de\\\/service\\\/#breadcrumb\",\"itemListElement\":[{\"@type\":\"ListItem\",\"position\":1,\"name\":\"Start\",\"item\":\"https:\\\/\\\/www.wiros.de\\\/\"},{\"@type\":\"ListItem\",\"position\":2,\"name\":\"Service\"}]},{\"@type\":\"WebSite\",\"@id\":\"https:\\\/\\\/www.wiros.de\\\/#website\",\"url\":\"https:\\\/\\\/www.wiros.de\\\/\",\"name\":\"WIROS Wilfried Rosbach GmbH\",\"description\":\"Ihr Einwegschutzspezialist f\u00fcr Fach- und Gro\u00dfh\u00e4ndler\",\"publisher\":{\"@id\":\"https:\\\/\\\/www.wiros.de\\\/#organization\"},\"potentialAction\":[{\"@type\":\"SearchAction\",\"target\":{\"@type\":\"EntryPoint\",\"urlTemplate\":\"https:\\\/\\\/www.wiros.de\\\/?s={search_term_string}\"},\"query-input\":{\"@type\":\"PropertyValueSpecification\",\"valueRequired\":true,\"valueName\":\"search_term_string\"}}],\"inLanguage\":\"en-US\"},{\"@type\":\"Organization\",\"@id\":\"https:\\\/\\\/www.wiros.de\\\/#organization\",\"name\":\"WIROS Wilfried Rosbach GmbH\",\"url\":\"https:\\\/\\\/www.wiros.de\\\/\",\"logo\":{\"@type\":\"ImageObject\",\"inLanguage\":\"en-US\",\"@id\":\"https:\\\/\\\/www.wiros.de\\\/#\\\/schema\\\/logo\\\/image\\\/\",\"url\":\"https:\\\/\\\/www.wiros.de\\\/wp-content\\\/uploads\\\/2025\\\/02\\\/Wiros_Logo_Unterzeile_RGB-e1739807515478.png\",\"contentUrl\":\"https:\\\/\\\/www.wiros.de\\\/wp-content\\\/uploads\\\/2025\\\/02\\\/Wiros_Logo_Unterzeile_RGB-e1739807515478.png\",\"width\":662,\"height\":313,\"caption\":\"WIROS Wilfried Rosbach GmbH\"},\"image\":{\"@id\":\"https:\\\/\\\/www.wiros.de\\\/#\\\/schema\\\/logo\\\/image\\\/\"}}]}<\/script>\n<!-- \/ Yoast SEO plugin. -->","yoast_head_json":{"title":"Service - WIROS Wilfried Rosbach GmbH","robots":{"index":"index","follow":"follow","max-snippet":"max-snippet:-1","max-image-preview":"max-image-preview:large","max-video-preview":"max-video-preview:-1"},"canonical":"https:\/\/www.wiros.de\/en\/service\/","og_locale":"en_US","og_type":"article","og_title":"Service - WIROS Wilfried Rosbach GmbH","og_description":"Service Die WIROS-PREIS-STAFFELUNG &#8230; f\u00fcr eine einfache &amp; flexible Bestellung zu g\u00fcnstigsten Preisen!\u00a0 Denn bei uns bestimmt das\u00a0GESAMT-VOLUMEN\u00a0Ihres Auftrags\u00a0die Preise f\u00fcr\u00a0ALLE\u00a0Artikel Ihres Auftrags!\u00a0Dabei k\u00f6nnen Sie Ihre Paletten ganz individuell &amp; produkt\u00fcbergreifend zusammenstellen. Was z\u00e4hlt, ist die Paletten-Gesamtanzahl! Bestellen Sie \u00fcber\u00a0bestellung@wiros.de\u00a0die Produkte Ihrer Wahl\u00a0aus unserem umfangreichen\u00a0care&amp;serve\u00a0Sortiment: Erreichen Sie dabei eine Anzahl von insgesamt 1 &#8211; 3 [&hellip;]","og_url":"https:\/\/www.wiros.de\/en\/service\/","og_site_name":"WIROS Wilfried Rosbach GmbH","article_modified_time":"2026-01-23T17:18:39+00:00","og_image":[{"width":615,"height":386,"url":"https:\/\/www.wiros.de\/wp-content\/uploads\/2022\/12\/care-and-serve-logo-green.png","type":"image\/png"}],"twitter_card":"summary_large_image","twitter_misc":{"Est. reading time":"1 minute"},"schema":{"@context":"https:\/\/schema.org","@graph":[{"@type":"WebPage","@id":"https:\/\/www.wiros.de\/service\/","url":"https:\/\/www.wiros.de\/service\/","name":"Service - WIROS Wilfried Rosbach GmbH","isPartOf":{"@id":"https:\/\/www.wiros.de\/#website"},"primaryImageOfPage":{"@id":"https:\/\/www.wiros.de\/service\/#primaryimage"},"image":{"@id":"https:\/\/www.wiros.de\/service\/#primaryimage"},"thumbnailUrl":"https:\/\/www.wiros.de\/wp-content\/uploads\/2022\/12\/care-and-serve-logo-green-300x188.png","datePublished":"2022-12-02T08:50:09+00:00","dateModified":"2026-01-23T17:18:39+00:00","breadcrumb":{"@id":"https:\/\/www.wiros.de\/service\/#breadcrumb"},"inLanguage":"en-US","potentialAction":[{"@type":"ReadAction","target":["https:\/\/www.wiros.de\/service\/"]}]},{"@type":"ImageObject","inLanguage":"en-US","@id":"https:\/\/www.wiros.de\/service\/#primaryimage","url":"https:\/\/www.wiros.de\/wp-content\/uploads\/2022\/12\/care-and-serve-logo-green-300x188.png","contentUrl":"https:\/\/www.wiros.de\/wp-content\/uploads\/2022\/12\/care-and-serve-logo-green-300x188.png"},{"@type":"BreadcrumbList","@id":"https:\/\/www.wiros.de\/service\/#breadcrumb","itemListElement":[{"@type":"ListItem","position":1,"name":"Start","item":"https:\/\/www.wiros.de\/"},{"@type":"ListItem","position":2,"name":"Service"}]},{"@type":"WebSite","@id":"https:\/\/www.wiros.de\/#website","url":"https:\/\/www.wiros.de\/","name":"WIROS Wilfried Rosbach GmbH","description":"Ihr Einwegschutzspezialist f\u00fcr Fach- und Gro\u00dfh\u00e4ndler","publisher":{"@id":"https:\/\/www.wiros.de\/#organization"},"potentialAction":[{"@type":"SearchAction","target":{"@type":"EntryPoint","urlTemplate":"https:\/\/www.wiros.de\/?s={search_term_string}"},"query-input":{"@type":"PropertyValueSpecification","valueRequired":true,"valueName":"search_term_string"}}],"inLanguage":"en-US"},{"@type":"Organization","@id":"https:\/\/www.wiros.de\/#organization","name":"WIROS Wilfried Rosbach GmbH","url":"https:\/\/www.wiros.de\/","logo":{"@type":"ImageObject","inLanguage":"en-US","@id":"https:\/\/www.wiros.de\/#\/schema\/logo\/image\/","url":"https:\/\/www.wiros.de\/wp-content\/uploads\/2025\/02\/Wiros_Logo_Unterzeile_RGB-e1739807515478.png","contentUrl":"https:\/\/www.wiros.de\/wp-content\/uploads\/2025\/02\/Wiros_Logo_Unterzeile_RGB-e1739807515478.png","width":662,"height":313,"caption":"WIROS Wilfried Rosbach GmbH"},"image":{"@id":"https:\/\/www.wiros.de\/#\/schema\/logo\/image\/"}}]}},"_links":{"self":[{"href":"https:\/\/www.wiros.de\/en\/wp-json\/wp\/v2\/pages\/323","targetHints":{"allow":["GET"]}}],"collection":[{"href":"https:\/\/www.wiros.de\/en\/wp-json\/wp\/v2\/pages"}],"about":[{"href":"https:\/\/www.wiros.de\/en\/wp-json\/wp\/v2\/types\/page"}],"author":[{"embeddable":true,"href":"https:\/\/www.wiros.de\/en\/wp-json\/wp\/v2\/users\/1"}],"replies":[{"embeddable":true,"href":"https:\/\/www.wiros.de\/en\/wp-json\/wp\/v2\/comments?post=323"}],"version-history":[{"count":49,"href":"https:\/\/www.wiros.de\/en\/wp-json\/wp\/v2\/pages\/323\/revisions"}],"predecessor-version":[{"id":27502,"href":"https:\/\/www.wiros.de\/en\/wp-json\/wp\/v2\/pages\/323\/revisions\/27502"}],"wp:attachment":[{"href":"https:\/\/www.wiros.de\/en\/wp-json\/wp\/v2\/media?parent=323"}],"curies":[{"name":"wp","href":"https:\/\/api.w.org\/{rel}","templated":true}]}}