{"id":504,"date":"2023-12-13T12:41:36","date_gmt":"2023-12-13T12:41:36","guid":{"rendered":"https:\/\/wiros.md-preview.com\/?page_id=504"},"modified":"2026-01-23T18:16:28","modified_gmt":"2026-01-23T17:16:28","slug":"impressum","status":"publish","type":"page","link":"https:\/\/www.wiros.de\/en\/impressum\/","title":{"rendered":"Imprint"},"content":{"rendered":"<div data-elementor-type=\"wp-page\" data-elementor-id=\"504\" class=\"elementor elementor-504\" data-elementor-post-type=\"page\">\n\t\t\t\t\t\t<section class=\"elementor-section elementor-top-section elementor-element elementor-element-cedb072 elementor-section-boxed elementor-section-height-default elementor-section-height-default\" data-id=\"cedb072\" data-element_type=\"section\" data-e-type=\"section\">\n\t\t\t\t\t\t<div class=\"elementor-container elementor-column-gap-default\">\n\t\t\t\t\t<div class=\"elementor-column elementor-col-100 elementor-top-column elementor-element elementor-element-190d116\" data-id=\"190d116\" data-element_type=\"column\" data-e-type=\"column\">\n\t\t\t<div class=\"elementor-widget-wrap elementor-element-populated\">\n\t\t\t\t\t\t<div class=\"elementor-element elementor-element-5dd547b elementor-widget elementor-widget-heading\" data-id=\"5dd547b\" data-element_type=\"widget\" data-e-type=\"widget\" data-widget_type=\"heading.default\">\n\t\t\t\t<div class=\"elementor-widget-container\">\n\t\t\t\t\t<h2 class=\"elementor-heading-title elementor-size-default\">Imprint<\/h2>\t\t\t\t<\/div>\n\t\t\t\t<\/div>\n\t\t\t\t<div class=\"elementor-element elementor-element-74e66d2 elementor-widget elementor-widget-text-editor\" data-id=\"74e66d2\" data-element_type=\"widget\" data-e-type=\"widget\" data-widget_type=\"text-editor.default\">\n\t\t\t\t<div class=\"elementor-widget-container\">\n\t\t\t\t\t\t\t\t\t<p><strong>Wilfried Rosbach GmbH<\/strong><\/p><p>Karl-Arnold-Stra\u00dfe 5<br \/>47877 Willich (Germany)<\/p><p>+49 (0)2154 &#8211; 89 141 0<br \/>+49 (0)2154 &#8211; 89 141 99<\/p><p><a href=\"mailto:products@wiros.de\">products@wiros.de<\/a><\/p><p>Vertretungsberechtigter Gesch\u00e4ftsf\u00fchrer: Michael Hummels &amp; Thomas Weis<\/p><p>Commercial register Krefeld District Court HRB 2346<br \/>VAT number: DE120154088<\/p>\t\t\t\t\t\t\t\t<\/div>\n\t\t\t\t<\/div>\n\t\t\t\t\t<\/div>\n\t\t<\/div>\n\t\t\t\t\t<\/div>\n\t\t<\/section>\n\t\t\t\t<\/div>","protected":false},"excerpt":{"rendered":"<p>Impressum Wilfried Rosbach GmbH Karl-Arnold-Stra\u00dfe 547877 Willich (Germany) +49 (0)2154 &#8211; 89 141 0+49 (0)2154 &#8211; 89 141 99 products@wiros.de Vertretungsberechtigter Gesch\u00e4ftsf\u00fchrer: Michael Hummels &amp; Thomas Weis Handelsregister Amtsgericht Krefeld HRB 2346USt-Id Nummer: DE120154088<\/p>","protected":false},"author":1,"featured_media":0,"parent":0,"menu_order":0,"comment_status":"closed","ping_status":"closed","template":"elementor_header_footer","meta":{"footnotes":""},"class_list":["post-504","page","type-page","status-publish","hentry"],"yoast_head":"<!-- This site is optimized with the Yoast SEO plugin v27.2 - https:\/\/yoast.com\/product\/yoast-seo-wordpress\/ -->\n<title>Impressum - WIROS Wilfried Rosbach GmbH<\/title>\n<meta name=\"robots\" content=\"index, follow, max-snippet:-1, max-image-preview:large, max-video-preview:-1\" \/>\n<link rel=\"canonical\" href=\"https:\/\/www.wiros.de\/en\/impressum\/\" \/>\n<meta property=\"og:locale\" content=\"en_US\" \/>\n<meta property=\"og:type\" content=\"article\" \/>\n<meta property=\"og:title\" content=\"Impressum - WIROS Wilfried Rosbach GmbH\" \/>\n<meta property=\"og:description\" content=\"Impressum Wilfried Rosbach GmbH Karl-Arnold-Stra\u00dfe 547877 Willich (Germany) +49 (0)2154 &#8211; 89 141 0+49 (0)2154 &#8211; 89 141 99 products@wiros.de Vertretungsberechtigter Gesch\u00e4ftsf\u00fchrer: Michael Hummels &amp; Thomas Weis Handelsregister Amtsgericht Krefeld HRB 2346USt-Id Nummer: DE120154088\" \/>\n<meta property=\"og:url\" content=\"https:\/\/www.wiros.de\/en\/impressum\/\" \/>\n<meta property=\"og:site_name\" content=\"WIROS Wilfried Rosbach GmbH\" \/>\n<meta property=\"article:modified_time\" content=\"2026-01-23T17:16:28+00:00\" \/>\n<meta name=\"twitter:card\" content=\"summary_large_image\" \/>\n<script type=\"application\/ld+json\" class=\"yoast-schema-graph\">{\"@context\":\"https:\/\/schema.org\",\"@graph\":[{\"@type\":\"WebPage\",\"@id\":\"https:\/\/www.wiros.de\/impressum\/\",\"url\":\"https:\/\/www.wiros.de\/impressum\/\",\"name\":\"Impressum - WIROS Wilfried Rosbach GmbH\",\"isPartOf\":{\"@id\":\"https:\/\/www.wiros.de\/#website\"},\"datePublished\":\"2023-12-13T12:41:36+00:00\",\"dateModified\":\"2026-01-23T17:16:28+00:00\",\"breadcrumb\":{\"@id\":\"https:\/\/www.wiros.de\/impressum\/#breadcrumb\"},\"inLanguage\":\"en-US\",\"potentialAction\":[{\"@type\":\"ReadAction\",\"target\":[\"https:\/\/www.wiros.de\/impressum\/\"]}]},{\"@type\":\"BreadcrumbList\",\"@id\":\"https:\/\/www.wiros.de\/impressum\/#breadcrumb\",\"itemListElement\":[{\"@type\":\"ListItem\",\"position\":1,\"name\":\"Start\",\"item\":\"https:\/\/www.wiros.de\/\"},{\"@type\":\"ListItem\",\"position\":2,\"name\":\"Impressum\"}]},{\"@type\":\"WebSite\",\"@id\":\"https:\/\/www.wiros.de\/#website\",\"url\":\"https:\/\/www.wiros.de\/\",\"name\":\"WIROS Wilfried Rosbach GmbH\",\"description\":\"Ihr Einwegschutzspezialist f\u00fcr Fach- und Gro\u00dfh\u00e4ndler\",\"publisher\":{\"@id\":\"https:\/\/www.wiros.de\/#organization\"},\"potentialAction\":[{\"@type\":\"SearchAction\",\"target\":{\"@type\":\"EntryPoint\",\"urlTemplate\":\"https:\/\/www.wiros.de\/?s={search_term_string}\"},\"query-input\":{\"@type\":\"PropertyValueSpecification\",\"valueRequired\":true,\"valueName\":\"search_term_string\"}}],\"inLanguage\":\"en-US\"},{\"@type\":\"Organization\",\"@id\":\"https:\/\/www.wiros.de\/#organization\",\"name\":\"WIROS Wilfried Rosbach GmbH\",\"url\":\"https:\/\/www.wiros.de\/\",\"logo\":{\"@type\":\"ImageObject\",\"inLanguage\":\"en-US\",\"@id\":\"https:\/\/www.wiros.de\/#\/schema\/logo\/image\/\",\"url\":\"https:\/\/www.wiros.de\/wp-content\/uploads\/2025\/02\/Wiros_Logo_Unterzeile_RGB-e1739807515478.png\",\"contentUrl\":\"https:\/\/www.wiros.de\/wp-content\/uploads\/2025\/02\/Wiros_Logo_Unterzeile_RGB-e1739807515478.png\",\"width\":662,\"height\":313,\"caption\":\"WIROS Wilfried Rosbach GmbH\"},\"image\":{\"@id\":\"https:\/\/www.wiros.de\/#\/schema\/logo\/image\/\"}}]}<\/script>\n<!-- \/ Yoast SEO plugin. -->","yoast_head_json":{"title":"Impressum - WIROS Wilfried Rosbach GmbH","robots":{"index":"index","follow":"follow","max-snippet":"max-snippet:-1","max-image-preview":"max-image-preview:large","max-video-preview":"max-video-preview:-1"},"canonical":"https:\/\/www.wiros.de\/en\/impressum\/","og_locale":"en_US","og_type":"article","og_title":"Impressum - WIROS Wilfried Rosbach GmbH","og_description":"Impressum Wilfried Rosbach GmbH Karl-Arnold-Stra\u00dfe 547877 Willich (Germany) +49 (0)2154 &#8211; 89 141 0+49 (0)2154 &#8211; 89 141 99 products@wiros.de Vertretungsberechtigter Gesch\u00e4ftsf\u00fchrer: Michael Hummels &amp; Thomas Weis Handelsregister Amtsgericht Krefeld HRB 2346USt-Id Nummer: DE120154088","og_url":"https:\/\/www.wiros.de\/en\/impressum\/","og_site_name":"WIROS Wilfried Rosbach GmbH","article_modified_time":"2026-01-23T17:16:28+00:00","twitter_card":"summary_large_image","schema":{"@context":"https:\/\/schema.org","@graph":[{"@type":"WebPage","@id":"https:\/\/www.wiros.de\/impressum\/","url":"https:\/\/www.wiros.de\/impressum\/","name":"Impressum - WIROS Wilfried Rosbach GmbH","isPartOf":{"@id":"https:\/\/www.wiros.de\/#website"},"datePublished":"2023-12-13T12:41:36+00:00","dateModified":"2026-01-23T17:16:28+00:00","breadcrumb":{"@id":"https:\/\/www.wiros.de\/impressum\/#breadcrumb"},"inLanguage":"en-US","potentialAction":[{"@type":"ReadAction","target":["https:\/\/www.wiros.de\/impressum\/"]}]},{"@type":"BreadcrumbList","@id":"https:\/\/www.wiros.de\/impressum\/#breadcrumb","itemListElement":[{"@type":"ListItem","position":1,"name":"Start","item":"https:\/\/www.wiros.de\/"},{"@type":"ListItem","position":2,"name":"Impressum"}]},{"@type":"WebSite","@id":"https:\/\/www.wiros.de\/#website","url":"https:\/\/www.wiros.de\/","name":"WIROS Wilfried Rosbach GmbH","description":"Ihr Einwegschutzspezialist f\u00fcr Fach- und Gro\u00dfh\u00e4ndler","publisher":{"@id":"https:\/\/www.wiros.de\/#organization"},"potentialAction":[{"@type":"SearchAction","target":{"@type":"EntryPoint","urlTemplate":"https:\/\/www.wiros.de\/?s={search_term_string}"},"query-input":{"@type":"PropertyValueSpecification","valueRequired":true,"valueName":"search_term_string"}}],"inLanguage":"en-US"},{"@type":"Organization","@id":"https:\/\/www.wiros.de\/#organization","name":"WIROS Wilfried Rosbach GmbH","url":"https:\/\/www.wiros.de\/","logo":{"@type":"ImageObject","inLanguage":"en-US","@id":"https:\/\/www.wiros.de\/#\/schema\/logo\/image\/","url":"https:\/\/www.wiros.de\/wp-content\/uploads\/2025\/02\/Wiros_Logo_Unterzeile_RGB-e1739807515478.png","contentUrl":"https:\/\/www.wiros.de\/wp-content\/uploads\/2025\/02\/Wiros_Logo_Unterzeile_RGB-e1739807515478.png","width":662,"height":313,"caption":"WIROS Wilfried Rosbach GmbH"},"image":{"@id":"https:\/\/www.wiros.de\/#\/schema\/logo\/image\/"}}]}},"_links":{"self":[{"href":"https:\/\/www.wiros.de\/en\/wp-json\/wp\/v2\/pages\/504","targetHints":{"allow":["GET"]}}],"collection":[{"href":"https:\/\/www.wiros.de\/en\/wp-json\/wp\/v2\/pages"}],"about":[{"href":"https:\/\/www.wiros.de\/en\/wp-json\/wp\/v2\/types\/page"}],"author":[{"embeddable":true,"href":"https:\/\/www.wiros.de\/en\/wp-json\/wp\/v2\/users\/1"}],"replies":[{"embeddable":true,"href":"https:\/\/www.wiros.de\/en\/wp-json\/wp\/v2\/comments?post=504"}],"version-history":[{"count":19,"href":"https:\/\/www.wiros.de\/en\/wp-json\/wp\/v2\/pages\/504\/revisions"}],"predecessor-version":[{"id":27496,"href":"https:\/\/www.wiros.de\/en\/wp-json\/wp\/v2\/pages\/504\/revisions\/27496"}],"wp:attachment":[{"href":"https:\/\/www.wiros.de\/en\/wp-json\/wp\/v2\/media?parent=504"}],"curies":[{"name":"wp","href":"https:\/\/api.w.org\/{rel}","templated":true}]}}