{"id":1729,"date":"2024-10-25T16:03:19","date_gmt":"2024-10-25T14:03:19","guid":{"rendered":"https:\/\/ecstatic-allen.217-154-19-53.plesk.page\/product\/wirowelded\/"},"modified":"2026-04-03T13:19:23","modified_gmt":"2026-04-03T11:19:23","slug":"wirowelded","status":"publish","type":"product","link":"https:\/\/www.wiros.de\/en\/shop\/schuerzen\/pu-schuerzen\/wirowelded\/","title":{"rendered":"wiroWELDED"},"content":{"rendered":"<p>Metal eyelets at connection points | Click fastener<\/p>","protected":false},"excerpt":{"rendered":"<p>PU aprons<\/p>","protected":false},"featured_media":28085,"comment_status":"open","ping_status":"closed","template":"","meta":[],"product_brand":[],"product_cat":[577],"product_tag":[],"produktstatus":[],"class_list":{"0":"post-1729","1":"product","2":"type-product","3":"status-publish","4":"has-post-thumbnail","6":"product_cat-pu-schuerzen","7":"pa_farbe-blau","8":"pa_farbe-weis","10":"first","11":"outofstock","12":"taxable","13":"shipping-taxable","14":"purchasable","15":"product-type-variable"},"yoast_head":"<!-- This site is optimized with the Yoast SEO plugin v27.2 - https:\/\/yoast.com\/product\/yoast-seo-wordpress\/ -->\n<title>wiroWELDED - WIROS Wilfried Rosbach GmbH<\/title>\n<meta name=\"robots\" content=\"index, follow, max-snippet:-1, max-image-preview:large, max-video-preview:-1\" \/>\n<link rel=\"canonical\" href=\"https:\/\/www.wiros.de\/en\/shop\/schuerzen\/pu-schuerzen\/wirowelded\/\" \/>\n<meta property=\"og:locale\" content=\"en_US\" \/>\n<meta property=\"og:type\" content=\"article\" \/>\n<meta property=\"og:title\" content=\"wiroWELDED - WIROS Wilfried Rosbach GmbH\" \/>\n<meta property=\"og:description\" content=\"PU Sch\u00fcrzen\" \/>\n<meta property=\"og:url\" content=\"https:\/\/www.wiros.de\/en\/shop\/schuerzen\/pu-schuerzen\/wirowelded\/\" \/>\n<meta property=\"og:site_name\" content=\"WIROS Wilfried Rosbach GmbH\" \/>\n<meta property=\"article:modified_time\" content=\"2026-04-03T11:19:23+00:00\" \/>\n<meta property=\"og:image\" content=\"https:\/\/www.wiros.de\/wp-content\/uploads\/2026\/02\/2085-672x_wiroWELDED_blue_main.png\" \/>\n\t<meta property=\"og:image:width\" content=\"1500\" \/>\n\t<meta property=\"og:image:height\" content=\"1500\" \/>\n\t<meta property=\"og:image:type\" content=\"image\/png\" \/>\n<meta name=\"twitter:card\" content=\"summary_large_image\" \/>\n<script type=\"application\/ld+json\" class=\"yoast-schema-graph\">{\"@context\":\"https:\/\/schema.org\",\"@graph\":[{\"@type\":\"WebPage\",\"@id\":\"https:\/\/www.wiros.de\/shop\/schuerzen\/pu-schuerzen\/wirowelded\/\",\"url\":\"https:\/\/www.wiros.de\/shop\/schuerzen\/pu-schuerzen\/wirowelded\/\",\"name\":\"wiroWELDED - WIROS Wilfried Rosbach GmbH\",\"isPartOf\":{\"@id\":\"https:\/\/www.wiros.de\/#website\"},\"primaryImageOfPage\":{\"@id\":\"https:\/\/www.wiros.de\/shop\/schuerzen\/pu-schuerzen\/wirowelded\/#primaryimage\"},\"image\":{\"@id\":\"https:\/\/www.wiros.de\/shop\/schuerzen\/pu-schuerzen\/wirowelded\/#primaryimage\"},\"thumbnailUrl\":\"https:\/\/www.wiros.de\/wp-content\/uploads\/2026\/02\/2085-672x_wiroWELDED_blue_main.png\",\"datePublished\":\"2024-10-25T14:03:19+00:00\",\"dateModified\":\"2026-04-03T11:19:23+00:00\",\"breadcrumb\":{\"@id\":\"https:\/\/www.wiros.de\/shop\/schuerzen\/pu-schuerzen\/wirowelded\/#breadcrumb\"},\"inLanguage\":\"en-US\",\"potentialAction\":[{\"@type\":\"ReadAction\",\"target\":[\"https:\/\/www.wiros.de\/shop\/schuerzen\/pu-schuerzen\/wirowelded\/\"]}]},{\"@type\":\"ImageObject\",\"inLanguage\":\"en-US\",\"@id\":\"https:\/\/www.wiros.de\/shop\/schuerzen\/pu-schuerzen\/wirowelded\/#primaryimage\",\"url\":\"https:\/\/www.wiros.de\/wp-content\/uploads\/2026\/02\/2085-672x_wiroWELDED_blue_main.png\",\"contentUrl\":\"https:\/\/www.wiros.de\/wp-content\/uploads\/2026\/02\/2085-672x_wiroWELDED_blue_main.png\",\"width\":1500,\"height\":1500},{\"@type\":\"BreadcrumbList\",\"@id\":\"https:\/\/www.wiros.de\/shop\/schuerzen\/pu-schuerzen\/wirowelded\/#breadcrumb\",\"itemListElement\":[{\"@type\":\"ListItem\",\"position\":1,\"name\":\"Start\",\"item\":\"https:\/\/www.wiros.de\/\"},{\"@type\":\"ListItem\",\"position\":2,\"name\":\"Produkte\",\"item\":\"https:\/\/www.wiros.de\/shop\/\"},{\"@type\":\"ListItem\",\"position\":3,\"name\":\"wiroWELDED\"}]},{\"@type\":\"WebSite\",\"@id\":\"https:\/\/www.wiros.de\/#website\",\"url\":\"https:\/\/www.wiros.de\/\",\"name\":\"WIROS Wilfried Rosbach GmbH\",\"description\":\"Ihr Einwegschutzspezialist f\u00fcr Fach- und Gro\u00dfh\u00e4ndler\",\"publisher\":{\"@id\":\"https:\/\/www.wiros.de\/#organization\"},\"potentialAction\":[{\"@type\":\"SearchAction\",\"target\":{\"@type\":\"EntryPoint\",\"urlTemplate\":\"https:\/\/www.wiros.de\/?s={search_term_string}\"},\"query-input\":{\"@type\":\"PropertyValueSpecification\",\"valueRequired\":true,\"valueName\":\"search_term_string\"}}],\"inLanguage\":\"en-US\"},{\"@type\":\"Organization\",\"@id\":\"https:\/\/www.wiros.de\/#organization\",\"name\":\"WIROS Wilfried Rosbach GmbH\",\"url\":\"https:\/\/www.wiros.de\/\",\"logo\":{\"@type\":\"ImageObject\",\"inLanguage\":\"en-US\",\"@id\":\"https:\/\/www.wiros.de\/#\/schema\/logo\/image\/\",\"url\":\"https:\/\/www.wiros.de\/wp-content\/uploads\/2025\/02\/Wiros_Logo_Unterzeile_RGB-e1739807515478.png\",\"contentUrl\":\"https:\/\/www.wiros.de\/wp-content\/uploads\/2025\/02\/Wiros_Logo_Unterzeile_RGB-e1739807515478.png\",\"width\":662,\"height\":313,\"caption\":\"WIROS Wilfried Rosbach GmbH\"},\"image\":{\"@id\":\"https:\/\/www.wiros.de\/#\/schema\/logo\/image\/\"}}]}<\/script>\n<!-- \/ Yoast SEO plugin. -->","yoast_head_json":{"title":"wiroWELDED - WIROS Wilfried Rosbach GmbH","robots":{"index":"index","follow":"follow","max-snippet":"max-snippet:-1","max-image-preview":"max-image-preview:large","max-video-preview":"max-video-preview:-1"},"canonical":"https:\/\/www.wiros.de\/en\/shop\/schuerzen\/pu-schuerzen\/wirowelded\/","og_locale":"en_US","og_type":"article","og_title":"wiroWELDED - WIROS Wilfried Rosbach GmbH","og_description":"PU Sch\u00fcrzen","og_url":"https:\/\/www.wiros.de\/en\/shop\/schuerzen\/pu-schuerzen\/wirowelded\/","og_site_name":"WIROS Wilfried Rosbach GmbH","article_modified_time":"2026-04-03T11:19:23+00:00","og_image":[{"width":1500,"height":1500,"url":"https:\/\/www.wiros.de\/wp-content\/uploads\/2026\/02\/2085-672x_wiroWELDED_blue_main.png","type":"image\/png"}],"twitter_card":"summary_large_image","schema":{"@context":"https:\/\/schema.org","@graph":[{"@type":"WebPage","@id":"https:\/\/www.wiros.de\/shop\/schuerzen\/pu-schuerzen\/wirowelded\/","url":"https:\/\/www.wiros.de\/shop\/schuerzen\/pu-schuerzen\/wirowelded\/","name":"wiroWELDED - WIROS Wilfried Rosbach GmbH","isPartOf":{"@id":"https:\/\/www.wiros.de\/#website"},"primaryImageOfPage":{"@id":"https:\/\/www.wiros.de\/shop\/schuerzen\/pu-schuerzen\/wirowelded\/#primaryimage"},"image":{"@id":"https:\/\/www.wiros.de\/shop\/schuerzen\/pu-schuerzen\/wirowelded\/#primaryimage"},"thumbnailUrl":"https:\/\/www.wiros.de\/wp-content\/uploads\/2026\/02\/2085-672x_wiroWELDED_blue_main.png","datePublished":"2024-10-25T14:03:19+00:00","dateModified":"2026-04-03T11:19:23+00:00","breadcrumb":{"@id":"https:\/\/www.wiros.de\/shop\/schuerzen\/pu-schuerzen\/wirowelded\/#breadcrumb"},"inLanguage":"en-US","potentialAction":[{"@type":"ReadAction","target":["https:\/\/www.wiros.de\/shop\/schuerzen\/pu-schuerzen\/wirowelded\/"]}]},{"@type":"ImageObject","inLanguage":"en-US","@id":"https:\/\/www.wiros.de\/shop\/schuerzen\/pu-schuerzen\/wirowelded\/#primaryimage","url":"https:\/\/www.wiros.de\/wp-content\/uploads\/2026\/02\/2085-672x_wiroWELDED_blue_main.png","contentUrl":"https:\/\/www.wiros.de\/wp-content\/uploads\/2026\/02\/2085-672x_wiroWELDED_blue_main.png","width":1500,"height":1500},{"@type":"BreadcrumbList","@id":"https:\/\/www.wiros.de\/shop\/schuerzen\/pu-schuerzen\/wirowelded\/#breadcrumb","itemListElement":[{"@type":"ListItem","position":1,"name":"Start","item":"https:\/\/www.wiros.de\/"},{"@type":"ListItem","position":2,"name":"Produkte","item":"https:\/\/www.wiros.de\/shop\/"},{"@type":"ListItem","position":3,"name":"wiroWELDED"}]},{"@type":"WebSite","@id":"https:\/\/www.wiros.de\/#website","url":"https:\/\/www.wiros.de\/","name":"WIROS Wilfried Rosbach GmbH","description":"Ihr Einwegschutzspezialist f\u00fcr Fach- und Gro\u00dfh\u00e4ndler","publisher":{"@id":"https:\/\/www.wiros.de\/#organization"},"potentialAction":[{"@type":"SearchAction","target":{"@type":"EntryPoint","urlTemplate":"https:\/\/www.wiros.de\/?s={search_term_string}"},"query-input":{"@type":"PropertyValueSpecification","valueRequired":true,"valueName":"search_term_string"}}],"inLanguage":"en-US"},{"@type":"Organization","@id":"https:\/\/www.wiros.de\/#organization","name":"WIROS Wilfried Rosbach GmbH","url":"https:\/\/www.wiros.de\/","logo":{"@type":"ImageObject","inLanguage":"en-US","@id":"https:\/\/www.wiros.de\/#\/schema\/logo\/image\/","url":"https:\/\/www.wiros.de\/wp-content\/uploads\/2025\/02\/Wiros_Logo_Unterzeile_RGB-e1739807515478.png","contentUrl":"https:\/\/www.wiros.de\/wp-content\/uploads\/2025\/02\/Wiros_Logo_Unterzeile_RGB-e1739807515478.png","width":662,"height":313,"caption":"WIROS Wilfried Rosbach GmbH"},"image":{"@id":"https:\/\/www.wiros.de\/#\/schema\/logo\/image\/"}}]}},"_links":{"self":[{"href":"https:\/\/www.wiros.de\/en\/wp-json\/wp\/v2\/product\/1729","targetHints":{"allow":["GET"]}}],"collection":[{"href":"https:\/\/www.wiros.de\/en\/wp-json\/wp\/v2\/product"}],"about":[{"href":"https:\/\/www.wiros.de\/en\/wp-json\/wp\/v2\/types\/product"}],"replies":[{"embeddable":true,"href":"https:\/\/www.wiros.de\/en\/wp-json\/wp\/v2\/comments?post=1729"}],"wp:featuredmedia":[{"embeddable":true,"href":"https:\/\/www.wiros.de\/en\/wp-json\/wp\/v2\/media\/28085"}],"wp:attachment":[{"href":"https:\/\/www.wiros.de\/en\/wp-json\/wp\/v2\/media?parent=1729"}],"wp:term":[{"taxonomy":"product_brand","embeddable":true,"href":"https:\/\/www.wiros.de\/en\/wp-json\/wp\/v2\/product_brand?post=1729"},{"taxonomy":"product_cat","embeddable":true,"href":"https:\/\/www.wiros.de\/en\/wp-json\/wp\/v2\/product_cat?post=1729"},{"taxonomy":"product_tag","embeddable":true,"href":"https:\/\/www.wiros.de\/en\/wp-json\/wp\/v2\/product_tag?post=1729"},{"taxonomy":"produktstatus","embeddable":true,"href":"https:\/\/www.wiros.de\/en\/wp-json\/wp\/v2\/produktstatus?post=1729"}],"curies":[{"name":"wp","href":"https:\/\/api.w.org\/{rel}","templated":true}]}}