{"id":27300,"date":"2025-08-23T12:59:11","date_gmt":"2025-08-23T10:59:11","guid":{"rendered":"https:\/\/ecstatic-allen.217-154-19-53.plesk.page\/shop\/unkategorisiert\/wiroquickfit-comfort\/"},"modified":"2026-04-16T13:25:49","modified_gmt":"2026-04-16T11:25:49","slug":"wiroquickfit-comfort","status":"publish","type":"product","link":"https:\/\/www.wiros.de\/en\/shop\/automatik-ueberschuh-spender\/automatik-ueberschuh-spender-automatik-ueberschuh-spender\/wiroquickfit-comfort\/","title":{"rendered":"wiroQUICKFIT COMFORT"},"content":{"rendered":"<p>Medium-sized comfort dispenser | Capacity: up to 100 pieces<\/p>","protected":false},"excerpt":{"rendered":"<p>Automatic Overshoe Dispenser<\/p>","protected":false},"featured_media":27176,"comment_status":"open","ping_status":"closed","template":"","meta":[],"product_brand":[],"product_cat":[856],"product_tag":[],"produktstatus":[915],"class_list":{"0":"post-27300","1":"product","2":"type-product","3":"status-publish","4":"has-post-thumbnail","6":"product_cat-automatik-ueberschuh-spender-automatik-ueberschuh-spender","7":"produktstatus-sale","9":"first","10":"outofstock","11":"sale","12":"taxable","13":"shipping-taxable","14":"purchasable","15":"product-type-variable"},"yoast_head":"<!-- This site is optimized with the Yoast SEO plugin v27.2 - https:\/\/yoast.com\/product\/yoast-seo-wordpress\/ -->\n<title>Automatik \u00dcberschuh Spender - wiroQUICKFIT COMFORT - WIROS Wilfried Rosbach GmbH<\/title>\n<meta name=\"description\" content=\"Automatik \u00dcberschuh Spender \u2013 wiroQUICKFIT comfort. Komfortable L\u00f6sung f\u00fcr schnelles Anlegen von \u00dcberschuhen in Hygiene- und Eingangsbereichen.\" \/>\n<meta name=\"robots\" content=\"index, follow, max-snippet:-1, max-image-preview:large, max-video-preview:-1\" \/>\n<link rel=\"canonical\" href=\"https:\/\/www.wiros.de\/en\/shop\/automatik-ueberschuh-spender\/automatik-ueberschuh-spender-automatik-ueberschuh-spender\/wiroquickfit-comfort\/\" \/>\n<meta property=\"og:locale\" content=\"en_US\" \/>\n<meta property=\"og:type\" content=\"article\" \/>\n<meta property=\"og:title\" content=\"Automatik \u00dcberschuh Spender - wiroQUICKFIT COMFORT - WIROS Wilfried Rosbach GmbH\" \/>\n<meta property=\"og:description\" content=\"Automatik \u00dcberschuh Spender \u2013 wiroQUICKFIT comfort. Komfortable L\u00f6sung f\u00fcr schnelles Anlegen von \u00dcberschuhen in Hygiene- und Eingangsbereichen.\" \/>\n<meta property=\"og:url\" content=\"https:\/\/www.wiros.de\/en\/shop\/automatik-ueberschuh-spender\/automatik-ueberschuh-spender-automatik-ueberschuh-spender\/wiroquickfit-comfort\/\" \/>\n<meta property=\"og:site_name\" content=\"WIROS Wilfried Rosbach GmbH\" \/>\n<meta property=\"article:modified_time\" content=\"2026-04-16T11:25:49+00:00\" \/>\n<meta property=\"og:image\" content=\"https:\/\/www.wiros.de\/wp-content\/uploads\/2025\/06\/8020-4519_2.png\" \/>\n\t<meta property=\"og:image:width\" content=\"1500\" \/>\n\t<meta property=\"og:image:height\" content=\"1500\" \/>\n\t<meta property=\"og:image:type\" content=\"image\/png\" \/>\n<meta name=\"twitter:card\" content=\"summary_large_image\" \/>\n<meta name=\"twitter:label1\" content=\"Est. reading time\" \/>\n\t<meta name=\"twitter:data1\" content=\"1 minute\" \/>\n<script type=\"application\/ld+json\" class=\"yoast-schema-graph\">{\"@context\":\"https:\/\/schema.org\",\"@graph\":[{\"@type\":\"WebPage\",\"@id\":\"https:\/\/www.wiros.de\/shop\/automatik-ueberschuh-spender\/automatik-ueberschuh-spender-automatik-ueberschuh-spender\/wiroquickfit-comfort\/\",\"url\":\"https:\/\/www.wiros.de\/shop\/automatik-ueberschuh-spender\/automatik-ueberschuh-spender-automatik-ueberschuh-spender\/wiroquickfit-comfort\/\",\"name\":\"Automatik \u00dcberschuh Spender - wiroQUICKFIT COMFORT - WIROS Wilfried Rosbach GmbH\",\"isPartOf\":{\"@id\":\"https:\/\/www.wiros.de\/#website\"},\"primaryImageOfPage\":{\"@id\":\"https:\/\/www.wiros.de\/shop\/automatik-ueberschuh-spender\/automatik-ueberschuh-spender-automatik-ueberschuh-spender\/wiroquickfit-comfort\/#primaryimage\"},\"image\":{\"@id\":\"https:\/\/www.wiros.de\/shop\/automatik-ueberschuh-spender\/automatik-ueberschuh-spender-automatik-ueberschuh-spender\/wiroquickfit-comfort\/#primaryimage\"},\"thumbnailUrl\":\"https:\/\/www.wiros.de\/wp-content\/uploads\/2025\/06\/8020-4519_2.png\",\"datePublished\":\"2025-08-23T10:59:11+00:00\",\"dateModified\":\"2026-04-16T11:25:49+00:00\",\"description\":\"Automatik \u00dcberschuh Spender \u2013 wiroQUICKFIT comfort. Komfortable L\u00f6sung f\u00fcr schnelles Anlegen von \u00dcberschuhen in Hygiene- und Eingangsbereichen.\",\"breadcrumb\":{\"@id\":\"https:\/\/www.wiros.de\/shop\/automatik-ueberschuh-spender\/automatik-ueberschuh-spender-automatik-ueberschuh-spender\/wiroquickfit-comfort\/#breadcrumb\"},\"inLanguage\":\"en-US\",\"potentialAction\":[{\"@type\":\"ReadAction\",\"target\":[\"https:\/\/www.wiros.de\/shop\/automatik-ueberschuh-spender\/automatik-ueberschuh-spender-automatik-ueberschuh-spender\/wiroquickfit-comfort\/\"]}]},{\"@type\":\"ImageObject\",\"inLanguage\":\"en-US\",\"@id\":\"https:\/\/www.wiros.de\/shop\/automatik-ueberschuh-spender\/automatik-ueberschuh-spender-automatik-ueberschuh-spender\/wiroquickfit-comfort\/#primaryimage\",\"url\":\"https:\/\/www.wiros.de\/wp-content\/uploads\/2025\/06\/8020-4519_2.png\",\"contentUrl\":\"https:\/\/www.wiros.de\/wp-content\/uploads\/2025\/06\/8020-4519_2.png\",\"width\":1500,\"height\":1500,\"caption\":\"Automatik \u00dcberschuh Spender wiroQUICKFIT comfort WIROS\"},{\"@type\":\"BreadcrumbList\",\"@id\":\"https:\/\/www.wiros.de\/shop\/automatik-ueberschuh-spender\/automatik-ueberschuh-spender-automatik-ueberschuh-spender\/wiroquickfit-comfort\/#breadcrumb\",\"itemListElement\":[{\"@type\":\"ListItem\",\"position\":1,\"name\":\"Start\",\"item\":\"https:\/\/www.wiros.de\/\"},{\"@type\":\"ListItem\",\"position\":2,\"name\":\"Produkte\",\"item\":\"https:\/\/www.wiros.de\/shop\/\"},{\"@type\":\"ListItem\",\"position\":3,\"name\":\"wiroQUICKFIT COMFORT\"}]},{\"@type\":\"WebSite\",\"@id\":\"https:\/\/www.wiros.de\/#website\",\"url\":\"https:\/\/www.wiros.de\/\",\"name\":\"WIROS Wilfried Rosbach GmbH\",\"description\":\"Ihr Einwegschutzspezialist f\u00fcr Fach- und Gro\u00dfh\u00e4ndler\",\"publisher\":{\"@id\":\"https:\/\/www.wiros.de\/#organization\"},\"potentialAction\":[{\"@type\":\"SearchAction\",\"target\":{\"@type\":\"EntryPoint\",\"urlTemplate\":\"https:\/\/www.wiros.de\/?s={search_term_string}\"},\"query-input\":{\"@type\":\"PropertyValueSpecification\",\"valueRequired\":true,\"valueName\":\"search_term_string\"}}],\"inLanguage\":\"en-US\"},{\"@type\":\"Organization\",\"@id\":\"https:\/\/www.wiros.de\/#organization\",\"name\":\"WIROS Wilfried Rosbach GmbH\",\"url\":\"https:\/\/www.wiros.de\/\",\"logo\":{\"@type\":\"ImageObject\",\"inLanguage\":\"en-US\",\"@id\":\"https:\/\/www.wiros.de\/#\/schema\/logo\/image\/\",\"url\":\"https:\/\/www.wiros.de\/wp-content\/uploads\/2025\/02\/Wiros_Logo_Unterzeile_RGB-e1739807515478.png\",\"contentUrl\":\"https:\/\/www.wiros.de\/wp-content\/uploads\/2025\/02\/Wiros_Logo_Unterzeile_RGB-e1739807515478.png\",\"width\":662,\"height\":313,\"caption\":\"WIROS Wilfried Rosbach GmbH\"},\"image\":{\"@id\":\"https:\/\/www.wiros.de\/#\/schema\/logo\/image\/\"}}]}<\/script>\n<!-- \/ Yoast SEO plugin. -->","yoast_head_json":{"title":"Automatik \u00dcberschuh Spender - wiroQUICKFIT COMFORT - WIROS Wilfried Rosbach GmbH","description":"Automatik \u00dcberschuh Spender \u2013 wiroQUICKFIT comfort. Komfortable L\u00f6sung f\u00fcr schnelles Anlegen von \u00dcberschuhen in Hygiene- und Eingangsbereichen.","robots":{"index":"index","follow":"follow","max-snippet":"max-snippet:-1","max-image-preview":"max-image-preview:large","max-video-preview":"max-video-preview:-1"},"canonical":"https:\/\/www.wiros.de\/en\/shop\/automatik-ueberschuh-spender\/automatik-ueberschuh-spender-automatik-ueberschuh-spender\/wiroquickfit-comfort\/","og_locale":"en_US","og_type":"article","og_title":"Automatik \u00dcberschuh Spender - wiroQUICKFIT COMFORT - WIROS Wilfried Rosbach GmbH","og_description":"Automatik \u00dcberschuh Spender \u2013 wiroQUICKFIT comfort. Komfortable L\u00f6sung f\u00fcr schnelles Anlegen von \u00dcberschuhen in Hygiene- und Eingangsbereichen.","og_url":"https:\/\/www.wiros.de\/en\/shop\/automatik-ueberschuh-spender\/automatik-ueberschuh-spender-automatik-ueberschuh-spender\/wiroquickfit-comfort\/","og_site_name":"WIROS Wilfried Rosbach GmbH","article_modified_time":"2026-04-16T11:25:49+00:00","og_image":[{"width":1500,"height":1500,"url":"https:\/\/www.wiros.de\/wp-content\/uploads\/2025\/06\/8020-4519_2.png","type":"image\/png"}],"twitter_card":"summary_large_image","twitter_misc":{"Est. reading time":"1 minute"},"schema":{"@context":"https:\/\/schema.org","@graph":[{"@type":"WebPage","@id":"https:\/\/www.wiros.de\/shop\/automatik-ueberschuh-spender\/automatik-ueberschuh-spender-automatik-ueberschuh-spender\/wiroquickfit-comfort\/","url":"https:\/\/www.wiros.de\/shop\/automatik-ueberschuh-spender\/automatik-ueberschuh-spender-automatik-ueberschuh-spender\/wiroquickfit-comfort\/","name":"Automatik \u00dcberschuh Spender - wiroQUICKFIT COMFORT - WIROS Wilfried Rosbach GmbH","isPartOf":{"@id":"https:\/\/www.wiros.de\/#website"},"primaryImageOfPage":{"@id":"https:\/\/www.wiros.de\/shop\/automatik-ueberschuh-spender\/automatik-ueberschuh-spender-automatik-ueberschuh-spender\/wiroquickfit-comfort\/#primaryimage"},"image":{"@id":"https:\/\/www.wiros.de\/shop\/automatik-ueberschuh-spender\/automatik-ueberschuh-spender-automatik-ueberschuh-spender\/wiroquickfit-comfort\/#primaryimage"},"thumbnailUrl":"https:\/\/www.wiros.de\/wp-content\/uploads\/2025\/06\/8020-4519_2.png","datePublished":"2025-08-23T10:59:11+00:00","dateModified":"2026-04-16T11:25:49+00:00","description":"Automatik \u00dcberschuh Spender \u2013 wiroQUICKFIT comfort. Komfortable L\u00f6sung f\u00fcr schnelles Anlegen von \u00dcberschuhen in Hygiene- und Eingangsbereichen.","breadcrumb":{"@id":"https:\/\/www.wiros.de\/shop\/automatik-ueberschuh-spender\/automatik-ueberschuh-spender-automatik-ueberschuh-spender\/wiroquickfit-comfort\/#breadcrumb"},"inLanguage":"en-US","potentialAction":[{"@type":"ReadAction","target":["https:\/\/www.wiros.de\/shop\/automatik-ueberschuh-spender\/automatik-ueberschuh-spender-automatik-ueberschuh-spender\/wiroquickfit-comfort\/"]}]},{"@type":"ImageObject","inLanguage":"en-US","@id":"https:\/\/www.wiros.de\/shop\/automatik-ueberschuh-spender\/automatik-ueberschuh-spender-automatik-ueberschuh-spender\/wiroquickfit-comfort\/#primaryimage","url":"https:\/\/www.wiros.de\/wp-content\/uploads\/2025\/06\/8020-4519_2.png","contentUrl":"https:\/\/www.wiros.de\/wp-content\/uploads\/2025\/06\/8020-4519_2.png","width":1500,"height":1500,"caption":"Automatik \u00dcberschuh Spender wiroQUICKFIT comfort WIROS"},{"@type":"BreadcrumbList","@id":"https:\/\/www.wiros.de\/shop\/automatik-ueberschuh-spender\/automatik-ueberschuh-spender-automatik-ueberschuh-spender\/wiroquickfit-comfort\/#breadcrumb","itemListElement":[{"@type":"ListItem","position":1,"name":"Start","item":"https:\/\/www.wiros.de\/"},{"@type":"ListItem","position":2,"name":"Produkte","item":"https:\/\/www.wiros.de\/shop\/"},{"@type":"ListItem","position":3,"name":"wiroQUICKFIT COMFORT"}]},{"@type":"WebSite","@id":"https:\/\/www.wiros.de\/#website","url":"https:\/\/www.wiros.de\/","name":"WIROS Wilfried Rosbach GmbH","description":"Ihr Einwegschutzspezialist f\u00fcr Fach- und Gro\u00dfh\u00e4ndler","publisher":{"@id":"https:\/\/www.wiros.de\/#organization"},"potentialAction":[{"@type":"SearchAction","target":{"@type":"EntryPoint","urlTemplate":"https:\/\/www.wiros.de\/?s={search_term_string}"},"query-input":{"@type":"PropertyValueSpecification","valueRequired":true,"valueName":"search_term_string"}}],"inLanguage":"en-US"},{"@type":"Organization","@id":"https:\/\/www.wiros.de\/#organization","name":"WIROS Wilfried Rosbach GmbH","url":"https:\/\/www.wiros.de\/","logo":{"@type":"ImageObject","inLanguage":"en-US","@id":"https:\/\/www.wiros.de\/#\/schema\/logo\/image\/","url":"https:\/\/www.wiros.de\/wp-content\/uploads\/2025\/02\/Wiros_Logo_Unterzeile_RGB-e1739807515478.png","contentUrl":"https:\/\/www.wiros.de\/wp-content\/uploads\/2025\/02\/Wiros_Logo_Unterzeile_RGB-e1739807515478.png","width":662,"height":313,"caption":"WIROS Wilfried Rosbach GmbH"},"image":{"@id":"https:\/\/www.wiros.de\/#\/schema\/logo\/image\/"}}]}},"_links":{"self":[{"href":"https:\/\/www.wiros.de\/en\/wp-json\/wp\/v2\/product\/27300","targetHints":{"allow":["GET"]}}],"collection":[{"href":"https:\/\/www.wiros.de\/en\/wp-json\/wp\/v2\/product"}],"about":[{"href":"https:\/\/www.wiros.de\/en\/wp-json\/wp\/v2\/types\/product"}],"replies":[{"embeddable":true,"href":"https:\/\/www.wiros.de\/en\/wp-json\/wp\/v2\/comments?post=27300"}],"wp:featuredmedia":[{"embeddable":true,"href":"https:\/\/www.wiros.de\/en\/wp-json\/wp\/v2\/media\/27176"}],"wp:attachment":[{"href":"https:\/\/www.wiros.de\/en\/wp-json\/wp\/v2\/media?parent=27300"}],"wp:term":[{"taxonomy":"product_brand","embeddable":true,"href":"https:\/\/www.wiros.de\/en\/wp-json\/wp\/v2\/product_brand?post=27300"},{"taxonomy":"product_cat","embeddable":true,"href":"https:\/\/www.wiros.de\/en\/wp-json\/wp\/v2\/product_cat?post=27300"},{"taxonomy":"product_tag","embeddable":true,"href":"https:\/\/www.wiros.de\/en\/wp-json\/wp\/v2\/product_tag?post=27300"},{"taxonomy":"produktstatus","embeddable":true,"href":"https:\/\/www.wiros.de\/en\/wp-json\/wp\/v2\/produktstatus?post=27300"}],"curies":[{"name":"wp","href":"https:\/\/api.w.org\/{rel}","templated":true}]}}