{"id":27301,"date":"2025-08-23T12:59:45","date_gmt":"2025-08-23T10:59:45","guid":{"rendered":"https:\/\/ecstatic-allen.217-154-19-53.plesk.page\/shop\/unkategorisiert\/wiromedicup\/"},"modified":"2026-04-11T13:26:02","modified_gmt":"2026-04-11T11:26:02","slug":"wiromedicup","status":"publish","type":"product","link":"https:\/\/www.wiros.de\/en\/shop\/medizin-pflegebedarf\/medikamenten-becher\/wiromedicup\/","title":{"rendered":"wiroMEDICUP"},"content":{"rendered":"<p>Einfache Volumenmessung dank ml-Skala | Konische Form<\/p>","protected":false},"excerpt":{"rendered":"<p>PP Medikamenten Becher<\/p>","protected":false},"featured_media":28182,"comment_status":"open","ping_status":"closed","template":"","meta":[],"product_brand":[],"product_cat":[855],"product_tag":[],"produktstatus":[],"class_list":{"0":"post-27301","1":"product","2":"type-product","3":"status-publish","4":"has-post-thumbnail","6":"product_cat-medikamenten-becher","7":"pa_farbe-blau","8":"pa_farbe-gelb","9":"pa_farbe-grun","10":"pa_farbe-rot","11":"pa_farbe-transparent","13":"first","14":"outofstock","15":"taxable","16":"shipping-taxable","17":"purchasable","18":"product-type-variable"},"yoast_head":"<!-- This site is optimized with the Yoast SEO plugin v27.2 - https:\/\/yoast.com\/product\/yoast-seo-wordpress\/ -->\n<title>wiroMEDICUP - WIROS Wilfried Rosbach GmbH<\/title>\n<meta name=\"robots\" content=\"index, follow, max-snippet:-1, max-image-preview:large, max-video-preview:-1\" \/>\n<link rel=\"canonical\" href=\"https:\/\/www.wiros.de\/en\/shop\/medizin-pflegebedarf\/medikamenten-becher\/wiromedicup\/\" \/>\n<meta property=\"og:locale\" content=\"en_US\" \/>\n<meta property=\"og:type\" content=\"article\" \/>\n<meta property=\"og:title\" content=\"wiroMEDICUP - WIROS Wilfried Rosbach GmbH\" \/>\n<meta property=\"og:description\" content=\"PP Medikamenten Becher\" \/>\n<meta property=\"og:url\" content=\"https:\/\/www.wiros.de\/en\/shop\/medizin-pflegebedarf\/medikamenten-becher\/wiromedicup\/\" \/>\n<meta property=\"og:site_name\" content=\"WIROS Wilfried Rosbach GmbH\" \/>\n<meta property=\"article:modified_time\" content=\"2026-04-11T11:26:02+00:00\" \/>\n<meta name=\"twitter:card\" content=\"summary_large_image\" \/>\n<script type=\"application\/ld+json\" class=\"yoast-schema-graph\">{\"@context\":\"https:\/\/schema.org\",\"@graph\":[{\"@type\":\"WebPage\",\"@id\":\"https:\/\/www.wiros.de\/shop\/medizin-pflegebedarf\/medikamenten-becher\/wiromedicup\/\",\"url\":\"https:\/\/www.wiros.de\/shop\/medizin-pflegebedarf\/medikamenten-becher\/wiromedicup\/\",\"name\":\"wiroMEDICUP - WIROS Wilfried Rosbach GmbH\",\"isPartOf\":{\"@id\":\"https:\/\/www.wiros.de\/#website\"},\"primaryImageOfPage\":{\"@id\":\"https:\/\/www.wiros.de\/shop\/medizin-pflegebedarf\/medikamenten-becher\/wiromedicup\/#primaryimage\"},\"image\":{\"@id\":\"https:\/\/www.wiros.de\/shop\/medizin-pflegebedarf\/medikamenten-becher\/wiromedicup\/#primaryimage\"},\"thumbnailUrl\":\"https:\/\/www.wiros.de\/wp-content\/uploads\/2026\/03\/8120-038120-13_colors.png\",\"datePublished\":\"2025-08-23T10:59:45+00:00\",\"dateModified\":\"2026-04-11T11:26:02+00:00\",\"breadcrumb\":{\"@id\":\"https:\/\/www.wiros.de\/shop\/medizin-pflegebedarf\/medikamenten-becher\/wiromedicup\/#breadcrumb\"},\"inLanguage\":\"en-US\",\"potentialAction\":[{\"@type\":\"ReadAction\",\"target\":[\"https:\/\/www.wiros.de\/shop\/medizin-pflegebedarf\/medikamenten-becher\/wiromedicup\/\"]}]},{\"@type\":\"ImageObject\",\"inLanguage\":\"en-US\",\"@id\":\"https:\/\/www.wiros.de\/shop\/medizin-pflegebedarf\/medikamenten-becher\/wiromedicup\/#primaryimage\",\"url\":\"https:\/\/www.wiros.de\/wp-content\/uploads\/2026\/03\/8120-038120-13_colors.png\",\"contentUrl\":\"https:\/\/www.wiros.de\/wp-content\/uploads\/2026\/03\/8120-038120-13_colors.png\",\"width\":1500,\"height\":1500},{\"@type\":\"BreadcrumbList\",\"@id\":\"https:\/\/www.wiros.de\/shop\/medizin-pflegebedarf\/medikamenten-becher\/wiromedicup\/#breadcrumb\",\"itemListElement\":[{\"@type\":\"ListItem\",\"position\":1,\"name\":\"Start\",\"item\":\"https:\/\/www.wiros.de\/\"},{\"@type\":\"ListItem\",\"position\":2,\"name\":\"Produkte\",\"item\":\"https:\/\/www.wiros.de\/shop\/\"},{\"@type\":\"ListItem\",\"position\":3,\"name\":\"wiroMEDICUP\"}]},{\"@type\":\"WebSite\",\"@id\":\"https:\/\/www.wiros.de\/#website\",\"url\":\"https:\/\/www.wiros.de\/\",\"name\":\"WIROS Wilfried Rosbach GmbH\",\"description\":\"Ihr Einwegschutzspezialist f\u00fcr Fach- und Gro\u00dfh\u00e4ndler\",\"publisher\":{\"@id\":\"https:\/\/www.wiros.de\/#organization\"},\"potentialAction\":[{\"@type\":\"SearchAction\",\"target\":{\"@type\":\"EntryPoint\",\"urlTemplate\":\"https:\/\/www.wiros.de\/?s={search_term_string}\"},\"query-input\":{\"@type\":\"PropertyValueSpecification\",\"valueRequired\":true,\"valueName\":\"search_term_string\"}}],\"inLanguage\":\"en-US\"},{\"@type\":\"Organization\",\"@id\":\"https:\/\/www.wiros.de\/#organization\",\"name\":\"WIROS Wilfried Rosbach GmbH\",\"url\":\"https:\/\/www.wiros.de\/\",\"logo\":{\"@type\":\"ImageObject\",\"inLanguage\":\"en-US\",\"@id\":\"https:\/\/www.wiros.de\/#\/schema\/logo\/image\/\",\"url\":\"https:\/\/www.wiros.de\/wp-content\/uploads\/2025\/02\/Wiros_Logo_Unterzeile_RGB-e1739807515478.png\",\"contentUrl\":\"https:\/\/www.wiros.de\/wp-content\/uploads\/2025\/02\/Wiros_Logo_Unterzeile_RGB-e1739807515478.png\",\"width\":662,\"height\":313,\"caption\":\"WIROS Wilfried Rosbach GmbH\"},\"image\":{\"@id\":\"https:\/\/www.wiros.de\/#\/schema\/logo\/image\/\"}}]}<\/script>\n<!-- \/ Yoast SEO plugin. -->","yoast_head_json":{"title":"wiroMEDICUP - WIROS Wilfried Rosbach GmbH","robots":{"index":"index","follow":"follow","max-snippet":"max-snippet:-1","max-image-preview":"max-image-preview:large","max-video-preview":"max-video-preview:-1"},"canonical":"https:\/\/www.wiros.de\/en\/shop\/medizin-pflegebedarf\/medikamenten-becher\/wiromedicup\/","og_locale":"en_US","og_type":"article","og_title":"wiroMEDICUP - WIROS Wilfried Rosbach GmbH","og_description":"PP Medikamenten Becher","og_url":"https:\/\/www.wiros.de\/en\/shop\/medizin-pflegebedarf\/medikamenten-becher\/wiromedicup\/","og_site_name":"WIROS Wilfried Rosbach GmbH","article_modified_time":"2026-04-11T11:26:02+00:00","twitter_card":"summary_large_image","schema":{"@context":"https:\/\/schema.org","@graph":[{"@type":"WebPage","@id":"https:\/\/www.wiros.de\/shop\/medizin-pflegebedarf\/medikamenten-becher\/wiromedicup\/","url":"https:\/\/www.wiros.de\/shop\/medizin-pflegebedarf\/medikamenten-becher\/wiromedicup\/","name":"wiroMEDICUP - WIROS Wilfried Rosbach GmbH","isPartOf":{"@id":"https:\/\/www.wiros.de\/#website"},"primaryImageOfPage":{"@id":"https:\/\/www.wiros.de\/shop\/medizin-pflegebedarf\/medikamenten-becher\/wiromedicup\/#primaryimage"},"image":{"@id":"https:\/\/www.wiros.de\/shop\/medizin-pflegebedarf\/medikamenten-becher\/wiromedicup\/#primaryimage"},"thumbnailUrl":"https:\/\/www.wiros.de\/wp-content\/uploads\/2026\/03\/8120-038120-13_colors.png","datePublished":"2025-08-23T10:59:45+00:00","dateModified":"2026-04-11T11:26:02+00:00","breadcrumb":{"@id":"https:\/\/www.wiros.de\/shop\/medizin-pflegebedarf\/medikamenten-becher\/wiromedicup\/#breadcrumb"},"inLanguage":"en-US","potentialAction":[{"@type":"ReadAction","target":["https:\/\/www.wiros.de\/shop\/medizin-pflegebedarf\/medikamenten-becher\/wiromedicup\/"]}]},{"@type":"ImageObject","inLanguage":"en-US","@id":"https:\/\/www.wiros.de\/shop\/medizin-pflegebedarf\/medikamenten-becher\/wiromedicup\/#primaryimage","url":"https:\/\/www.wiros.de\/wp-content\/uploads\/2026\/03\/8120-038120-13_colors.png","contentUrl":"https:\/\/www.wiros.de\/wp-content\/uploads\/2026\/03\/8120-038120-13_colors.png","width":1500,"height":1500},{"@type":"BreadcrumbList","@id":"https:\/\/www.wiros.de\/shop\/medizin-pflegebedarf\/medikamenten-becher\/wiromedicup\/#breadcrumb","itemListElement":[{"@type":"ListItem","position":1,"name":"Start","item":"https:\/\/www.wiros.de\/"},{"@type":"ListItem","position":2,"name":"Produkte","item":"https:\/\/www.wiros.de\/shop\/"},{"@type":"ListItem","position":3,"name":"wiroMEDICUP"}]},{"@type":"WebSite","@id":"https:\/\/www.wiros.de\/#website","url":"https:\/\/www.wiros.de\/","name":"WIROS Wilfried Rosbach GmbH","description":"Ihr Einwegschutzspezialist f\u00fcr Fach- und Gro\u00dfh\u00e4ndler","publisher":{"@id":"https:\/\/www.wiros.de\/#organization"},"potentialAction":[{"@type":"SearchAction","target":{"@type":"EntryPoint","urlTemplate":"https:\/\/www.wiros.de\/?s={search_term_string}"},"query-input":{"@type":"PropertyValueSpecification","valueRequired":true,"valueName":"search_term_string"}}],"inLanguage":"en-US"},{"@type":"Organization","@id":"https:\/\/www.wiros.de\/#organization","name":"WIROS Wilfried Rosbach GmbH","url":"https:\/\/www.wiros.de\/","logo":{"@type":"ImageObject","inLanguage":"en-US","@id":"https:\/\/www.wiros.de\/#\/schema\/logo\/image\/","url":"https:\/\/www.wiros.de\/wp-content\/uploads\/2025\/02\/Wiros_Logo_Unterzeile_RGB-e1739807515478.png","contentUrl":"https:\/\/www.wiros.de\/wp-content\/uploads\/2025\/02\/Wiros_Logo_Unterzeile_RGB-e1739807515478.png","width":662,"height":313,"caption":"WIROS Wilfried Rosbach GmbH"},"image":{"@id":"https:\/\/www.wiros.de\/#\/schema\/logo\/image\/"}}]}},"_links":{"self":[{"href":"https:\/\/www.wiros.de\/en\/wp-json\/wp\/v2\/product\/27301","targetHints":{"allow":["GET"]}}],"collection":[{"href":"https:\/\/www.wiros.de\/en\/wp-json\/wp\/v2\/product"}],"about":[{"href":"https:\/\/www.wiros.de\/en\/wp-json\/wp\/v2\/types\/product"}],"replies":[{"embeddable":true,"href":"https:\/\/www.wiros.de\/en\/wp-json\/wp\/v2\/comments?post=27301"}],"wp:featuredmedia":[{"embeddable":true,"href":"https:\/\/www.wiros.de\/en\/wp-json\/wp\/v2\/media\/28182"}],"wp:attachment":[{"href":"https:\/\/www.wiros.de\/en\/wp-json\/wp\/v2\/media?parent=27301"}],"wp:term":[{"taxonomy":"product_brand","embeddable":true,"href":"https:\/\/www.wiros.de\/en\/wp-json\/wp\/v2\/product_brand?post=27301"},{"taxonomy":"product_cat","embeddable":true,"href":"https:\/\/www.wiros.de\/en\/wp-json\/wp\/v2\/product_cat?post=27301"},{"taxonomy":"product_tag","embeddable":true,"href":"https:\/\/www.wiros.de\/en\/wp-json\/wp\/v2\/product_tag?post=27301"},{"taxonomy":"produktstatus","embeddable":true,"href":"https:\/\/www.wiros.de\/en\/wp-json\/wp\/v2\/produktstatus?post=27301"}],"curies":[{"name":"wp","href":"https:\/\/api.w.org\/{rel}","templated":true}]}}